{"id":113,"date":"2024-03-06T13:23:39","date_gmt":"2024-03-06T13:23:39","guid":{"rendered":"http:\/\/transferalmeria.com\/?page_id=113"},"modified":"2025-04-07T17:18:18","modified_gmt":"2025-04-07T17:18:18","slug":"transfer-al-aeropuerto","status":"publish","type":"page","link":"https:\/\/transferalmeria.com\/en\/transfer-al-aeropuerto\/","title":{"rendered":"Airport Transfer"},"content":{"rendered":"<p>[et_pb_section fb_built=\u00bb1&#8243; _builder_version=\u00bb4.24.2&#8243; _module_preset=\u00bbdefault\u00bb background_color=\u00bb#28347d\u00bb background_image=\u00bbhttps:\/\/transferalmeria.com\/wp-content\/uploads\/2025\/04\/elegant-business-lady-white-looks-out-minivan-taxi-concept-business-trips-transportation-1.jpg\u00bb background_blend=\u00bbsoft-light\u00bb height=\u00bb350px\u00bb hover_enabled=\u00bb0&#8243; border_width_bottom=\u00bb5px\u00bb border_color_bottom=\u00bb#E09900&#8243; global_colors_info=\u00bb{}\u00bb title_text=\u00bbElegant business lady in minivan taxi\u00bb sticky_enabled=\u00bb0&#8243;][et_pb_row column_structure=\u00bb1_2,1_2&#8243; use_custom_gutter=\u00bbon\u00bb make_equal=\u00bbon\u00bb _builder_version=\u00bb4.24.2&#8243; _module_preset=\u00bbdefault\u00bb global_colors_info=\u00bb{}\u00bb][et_pb_column type=\u00bb1_2&#8243; _builder_version=\u00bb4.24.2&#8243; _module_preset=\u00bbdefault\u00bb custom_css_main_element=\u00bbmargin:auto\u00bb global_colors_info=\u00bb{}\u00bb][et_pb_text _builder_version=\u00bb4.24.2&#8243; _module_preset=\u00bbdefault\u00bb header_font=\u00bbRajdhani|700|||||||\u00bb header_text_color=\u00bb#FFFFFF\u00bb header_font_size=\u00bb35px\u00bb global_colors_info=\u00bb{}\u00bb]<\/p>\n<h1>Transporte aeropuerto Almer\u00eda c\u00f3modo y seguro<\/h1>\n<p>[\/et_pb_text][et_pb_text _builder_version=\u00bb4.24.2&#8243; text_text_color=\u00bb#FFFFFF\u00bb text_font_size=\u00bb20px\u00bb text_line_height=\u00bb1.8em\u00bb header_font=\u00bbRajdhani|700|||||||\u00bb header_text_color=\u00bb#FFFFFF\u00bb header_font_size=\u00bb55px\u00bb header_line_height=\u00bb1.3em\u00bb custom_margin=\u00bb-18px|-439px|-1px|||\u00bb custom_padding=\u00bb4px|||||\u00bb header_font_size_tablet=\u00bb\u00bb header_font_size_phone=\u00bb40px\u00bb header_font_size_last_edited=\u00bbon|phone\u00bb locked=\u00bboff\u00bb global_colors_info=\u00bb{}\u00bb]<\/p>\n<p><span style=\"font-weight: 400;\">Transporte aeropuerto Almer\u00eda ofrecido por Transfer Almer\u00eda sobresale por su excepcional comodidad, y la facilidad de realizar tu reserva en l\u00ednea en s\u00f3lo unos minutos, para que tu traslado est\u00e9 garantizado al llegar al aeropuerto.<\/span><\/p>\n<h1><\/h1>\n<p>[\/et_pb_text][et_pb_button button_text=\u00bbReserva online\u00bb button_alignment=\u00bbleft\u00bb _builder_version=\u00bb4.24.2&#8243; _module_preset=\u00bbdefault\u00bb custom_button=\u00bbon\u00bb button_text_color=\u00bb#FFFFFF\u00bb button_bg_color=\u00bb#E09900&#8243; button_border_width=\u00bb0px\u00bb button_border_color=\u00bb#E09900&#8243; button_font=\u00bbRajdhani||||||||\u00bb button_icon=\u00bb&#xf1b9;||fa||900&#8243; custom_padding=\u00bb||6px|||\u00bb global_module=\u00bb84&#8243; saved_tabs=\u00bball\u00bb global_colors_info=\u00bb{}\u00bb][\/et_pb_button][\/et_pb_column][et_pb_column type=\u00bb1_2&#8243; _builder_version=\u00bb4.24.2&#8243; _module_preset=\u00bbdefault\u00bb global_colors_info=\u00bb{}\u00bb][\/et_pb_column][\/et_pb_row][\/et_pb_section][et_pb_section fb_built=\u00bb1&#8243; _builder_version=\u00bb4.24.2&#8243; _module_preset=\u00bbdefault\u00bb custom_margin=\u00bb3px|||||\u00bb custom_padding=\u00bb40px|||||\u00bb global_colors_info=\u00bb{}\u00bb][et_pb_row column_structure=\u00bb3_5,2_5&#8243; _builder_version=\u00bb4.24.2&#8243; _module_preset=\u00bbdefault\u00bb global_colors_info=\u00bb{}\u00bb][et_pb_column type=\u00bb3_5&#8243; _builder_version=\u00bb4.24.2&#8243; _module_preset=\u00bbdefault\u00bb global_colors_info=\u00bb{}\u00bb][et_pb_text _builder_version=\u00bb4.24.2&#8243; text_font=\u00bbRajdhani|800|||||||\u00bb text_text_color=\u00bb#E09900&#8243; text_font_size=\u00bb35px\u00bb text_line_height=\u00bb1.2em\u00bb custom_margin=\u00bb-16px|||\u00bb custom_padding=\u00bb|||\u00bb text_line_height_tablet=\u00bb\u00bb text_line_height_phone=\u00bb1.2em\u00bb text_line_height_last_edited=\u00bbon|phone\u00bb locked=\u00bboff\u00bb global_colors_info=\u00bb{}\u00bb]<\/p>\n<h2><strong><span style=\"color: #ff6600;\">\u00bfC\u00f3mo funciona nuestro servicio de transfer aeropuerto Almer\u00eda?<\/span><\/strong><\/h2>\n<p>[\/et_pb_text][et_pb_text _builder_version=\u00bb4.24.2&#8243; _module_preset=\u00bbdefault\u00bb text_font=\u00bbRajdhani||||||||\u00bb text_font_size=\u00bb18px\u00bb text_line_height=\u00bb1.4em\u00bb text_orientation=\u00bbjustified\u00bb custom_margin=\u00bb-12px|||||\u00bb global_colors_info=\u00bb{}\u00bb]<\/p>\n<p>Cuando aterrices en el aeropuerto, <strong>te estaremos esperando en nuestra oficina ubicada en la terminal de llegadas<\/strong>, en Ctra. de N\u00edjar, KM 9 (04130 Almer\u00eda), para gestionar tu reserva de traslado y regreso con nosotros y garantizar tu comodidad durante todo el viaje. Nuestro <strong>servicio de transfer aeropuerto Almer\u00eda<\/strong> asegura que no tengas que preocuparte por encontrar un taxi o lidiar con el transporte p\u00fablico.<\/p>\n<p>Ofrecemos un servicio completo de <strong>desplazamiento y recogida en los principales puntos de la ciudad<\/strong>, como hoteles, estaciones, puerto mar\u00edtimo y m\u00e1s. Y contamos con tarifas especiales para trayectos de larga distancia, as\u00ed que no dudes en consultarnos sobre nuestros precios, y disfruta de flexibilidad horaria, donde siempre encontrar\u00e1s un servicio disponible, sin importar a qu\u00e9 hora llegue o salga tu vuelo.<\/p>\n<p><strong>En Transfer Almer\u00eda, queremos que tu llegada y salida del aeropuerto sea lo m\u00e1s c\u00f3moda posible.<\/strong><\/p>\n<p>[\/et_pb_text][et_pb_text _builder_version=\u00bb4.24.2&#8243; text_font=\u00bbRajdhani|800|||||||\u00bb text_text_color=\u00bb#E09900&#8243; text_font_size=\u00bb35px\u00bb text_line_height=\u00bb1.2em\u00bb custom_margin=\u00bb26px||13px|||\u00bb custom_padding=\u00bb|||\u00bb text_line_height_tablet=\u00bb\u00bb text_line_height_phone=\u00bb1.2em\u00bb text_line_height_last_edited=\u00bbon|phone\u00bb locked=\u00bboff\u00bb global_colors_info=\u00bb{}\u00bb]<\/p>\n<h2><span style=\"color: #ff6600;\"><strong>Ventajas de contratar el servicio de transfer al aeropuerto de Almer\u00eda<\/strong><\/span><\/h2>\n<p>[\/et_pb_text][et_pb_text _builder_version=\u00bb4.24.2&#8243; _module_preset=\u00bbdefault\u00bb text_font=\u00bbRajdhani||||||||\u00bb text_font_size=\u00bb18px\u00bb text_line_height=\u00bb1.4em\u00bb text_orientation=\u00bbjustified\u00bb locked=\u00bboff\u00bb global_colors_info=\u00bb{}\u00bb]<\/p>\n<p><span style=\"font-weight: 400;\">Nuestra <a href=\"https:\/\/transferalmeria.com\/flota-servicio-de-transporte\/\">flota de veh\u00edculos es moderna y variada<\/a>, para adaptarse a <strong>diferentes necesidades de transporte aeropuerto de Almer\u00eda<\/strong> tanto si viajas s\u00f3lo, en pareja, con familia o en grupo. Todos los veh\u00edculos est\u00e1n equipados con comodidades para hacer tu viaje lo m\u00e1s agradable posible. Aire acondicionado, <strong>asientos espaciosos y conductores amables y experimentados<\/strong> que garantizan un traslado confortable y seguro. <\/span><span style=\"font-size: 18px;\">Elegir nuestro servicio de transporte aeropuerto Almer\u00eda de Transfer Almer\u00eda es optar por un viaje sin estr\u00e9s, c\u00f3modo y personalizado. Ya sea que necesites un <\/span><a href=\"https:\/\/transferalmeria.com\/congresos-y-ferias-2\/\" style=\"font-size: 18px;\">transfer aeropuerto Almer\u00eda para un viaje de negocios<\/a><span style=\"font-size: 18px;\"> o unas vacaciones, la facilidad de uso y la comodidad de nuestro servicio aseguran una <\/span><strong style=\"font-size: 18px;\">experiencia de traslado premium<\/strong><span style=\"font-size: 18px;\">.<\/span><\/p>\n<p>[\/et_pb_text][\/et_pb_column][et_pb_column type=\u00bb2_5&#8243; _builder_version=\u00bb4.24.2&#8243; _module_preset=\u00bbdefault\u00bb global_colors_info=\u00bb{}\u00bb][et_pb_image src=\u00bbhttps:\/\/transferalmeria.com\/wp-content\/uploads\/2024\/05\/categorias-aeropuerto-1.png\u00bb alt=\u00bbcongresos y ferias\u00bb title_text=\u00bbcategorias aeropuerto\u00bb force_fullwidth=\u00bbon\u00bb _builder_version=\u00bb4.24.2&#8243; _module_preset=\u00bbdefault\u00bb border_width_bottom=\u00bb5px\u00bb border_color_bottom=\u00bb#0C71C3&#8243; global_colors_info=\u00bb{}\u00bb][\/et_pb_image][\/et_pb_column][\/et_pb_row][et_pb_row _builder_version=\u00bb4.24.2&#8243; _module_preset=\u00bbdefault\u00bb global_colors_info=\u00bb{}\u00bb][et_pb_column type=\u00bb4_4&#8243; _builder_version=\u00bb4.24.2&#8243; _module_preset=\u00bbdefault\u00bb global_colors_info=\u00bb{}\u00bb][et_pb_text _builder_version=\u00bb4.24.2&#8243; text_font=\u00bbRajdhani|800|||||||\u00bb text_text_color=\u00bb#E09900&#8243; text_font_size=\u00bb35px\u00bb text_line_height=\u00bb1.2em\u00bb custom_margin=\u00bb26px||28px|||\u00bb custom_padding=\u00bb|||\u00bb text_line_height_tablet=\u00bb\u00bb text_line_height_phone=\u00bb1.2em\u00bb text_line_height_last_edited=\u00bbon|phone\u00bb locked=\u00bboff\u00bb global_colors_info=\u00bb{}\u00bb]<\/p>\n<h2 style=\"text-align: left;\"><span style=\"color: #ff6600;\"><strong>Servicios adicionales para eventos especiales<\/strong><\/span><\/h2>\n<p>[\/et_pb_text][et_pb_text _builder_version=\u00bb4.24.2&#8243; _module_preset=\u00bbdefault\u00bb text_font=\u00bbRajdhani||||||||\u00bb text_font_size=\u00bb18px\u00bb text_line_height=\u00bb1.4em\u00bb text_orientation=\u00bbjustified\u00bb custom_margin=\u00bb-12px|||||\u00bb locked=\u00bboff\u00bb global_colors_info=\u00bb{}\u00bb]<\/p>\n<p><span style=\"font-weight: 400;\">Ofrecemos servicios de transporte adaptados para una variedad de ocasiones especiales. Si est\u00e1s planeando un congreso, nuestro servicio de transporte aeropuerto Almer\u00eda te garantiza que tus invitados lleguen puntuales y relajados. Nuestros conductores profesionales y veh\u00edculos c\u00f3modos, dejar\u00e1n una primera impresi\u00f3n inmejorable.<\/span><\/p>\n<p><span style=\"font-weight: 400;\">Para ferias y exposiciones, nuestro servicio de transfer aeropuerto Almer\u00eda facilita la log\u00edstica de tus participantes. Nos encargamos de los<strong> traslados desde y hacia el aeropuerto<\/strong>, as\u00ed como entre hoteles y centros de convenciones. La coordinaci\u00f3n en este tipo de transportes es fundamental, y nuestro equipo se encargar\u00e1 de cada detalle, permiti\u00e9ndote enfocarte en el \u00e9xito del evento.<\/span><\/p>\n<p><span style=\"font-weight: 400;\">Las <a href=\"https:\/\/transferalmeria.com\/bodas-y-celebraciones\/\">bodas y celebraciones<\/a> tambi\u00e9n son nuestra especialidad. Sabemos lo importante que es este d\u00eda para ti, y nuestro servicio de transporte aeropuerto de Almer\u00eda est\u00e1 dise\u00f1ado para que todo transcurra sin inconvenientes. Desde la recogida de los invitados en el aeropuerto hasta el traslado a la ceremonia y la recepci\u00f3n. Tambi\u00e9n ofrecemos opciones de <strong>veh\u00edculos de lujo para aquellos que deseen a\u00f1adir un toque de elegancia a su evento<\/strong>, y convertir cada traslado en una experiencia memorable.<\/span><\/p>\n<p>&nbsp;<\/p>\n<p>[\/et_pb_text][\/et_pb_column][\/et_pb_row][et_pb_row _builder_version=\u00bb4.24.2&#8243; _module_preset=\u00bbdefault\u00bb global_colors_info=\u00bb{}\u00bb][et_pb_column type=\u00bb4_4&#8243; _builder_version=\u00bb4.24.2&#8243; _module_preset=\u00bbdefault\u00bb global_colors_info=\u00bb{}\u00bb][et_pb_text _builder_version=\u00bb4.24.2&#8243; text_font=\u00bbRajdhani|800|||||||\u00bb text_text_color=\u00bb#E09900&#8243; text_font_size=\u00bb35px\u00bb text_line_height=\u00bb1.2em\u00bb custom_margin=\u00bb26px||28px|||\u00bb custom_padding=\u00bb|||\u00bb text_line_height_tablet=\u00bb\u00bb text_line_height_phone=\u00bb1.2em\u00bb text_line_height_last_edited=\u00bbon|phone\u00bb locked=\u00bboff\u00bb global_colors_info=\u00bb{}\u00bb]<\/p>\n<h2 style=\"text-align: left;\"><span style=\"color: #ff6600;\"><strong>C\u00f3mo reservar transporte aeropuerto Almer\u00eda paso a paso<\/strong><\/span><\/h2>\n<p>[\/et_pb_text][et_pb_text _builder_version=\u00bb4.24.2&#8243; _module_preset=\u00bbdefault\u00bb text_font=\u00bbRajdhani||||||||\u00bb text_font_size=\u00bb18px\u00bb text_line_height=\u00bb1.4em\u00bb text_orientation=\u00bbjustified\u00bb custom_margin=\u00bb-12px|||||\u00bb locked=\u00bboff\u00bb global_colors_info=\u00bb{}\u00bb]<\/p>\n<p>Puedes hacer una reserva en persona, o desde la comodidad de tu hogar. Nuestro sistema de reservas en l\u00ednea te permite <strong>reservar nuestro servicio de transporte aeropuerto Almer\u00eda<\/strong> desde cualquier dispositivo con conexi\u00f3n a internet. S\u00f3lo tienes que visitar nuestra p\u00e1gina web y seleccionar el servicio de transfer al aeropuerto de Almer\u00eda. Una vez ah\u00ed, introduce los detalles de tu viaje, como la fecha, la hora y el lugar de recogida. Revisa los detalles y confirma. En cuesti\u00f3n de minutos, recibir\u00e1s la confirmaci\u00f3n de tu reserva.<\/p>\n<p>Para <strong>reservas en oficina<\/strong> dir\u00edgete a la oficina de Transfer Almer\u00eda y habla con uno de los colaboradores de nuestro equipo, que te ayudar\u00e1 a seleccionar el servicio de transporte aeropuerto de Almer\u00eda adecuado. Completa la reserva con nuestra ayuda y recibe una confirmaci\u00f3n inmediata.<\/p>\n<p>Tambi\u00e9n puedes llamar a nuestro n\u00famero de atenci\u00f3n al cliente +34 950 100 250 para realizar la reserva, o enviar un correo con los detalles de tu viaje para recibir asistencia para completar tu reserva a trav\u00e9s del email.<\/p>\n<p><strong>Cualquiera de las opciones aseguran que tu experiencia de reserva sea r\u00e1pida y se adapte a la perfecci\u00f3n a tus necesidades y preferencias.<\/strong><\/p>\n<p>&nbsp;<\/p>\n<p>[\/et_pb_text][et_pb_image src=\u00bbhttps:\/\/transferalmeria.com\/wp-content\/uploads\/2025\/04\/attractive-elegant-happy-man-good-car.jpg\u00bb title_text=\u00bbAttractive elegant happy man in good car\u00bb _builder_version=\u00bb4.24.2&#8243; _module_preset=\u00bbdefault\u00bb hover_enabled=\u00bb0&#8243; global_colors_info=\u00bb{}\u00bb sticky_enabled=\u00bb0&#8243;][\/et_pb_image][\/et_pb_column][\/et_pb_row][\/et_pb_section]<\/p>\n","protected":false},"excerpt":{"rendered":"<p>Transporte aeropuerto Almer\u00eda c\u00f3modo y seguroTransporte aeropuerto Almer\u00eda ofrecido por Transfer Almer\u00eda sobresale por su excepcional comodidad, y la facilidad de realizar tu reserva en l\u00ednea en s\u00f3lo unos minutos, para que tu traslado est\u00e9 garantizado al llegar al aeropuerto. \u00bfC\u00f3mo funciona nuestro servicio de transfer aeropuerto Almer\u00eda?Cuando aterrices en el aeropuerto, te estaremos esperando [&hellip;]<\/p>\n","protected":false},"author":2,"featured_media":0,"parent":0,"menu_order":0,"comment_status":"closed","ping_status":"closed","template":"","meta":{"_et_pb_use_builder":"on","_et_pb_old_content":"","_et_gb_content_width":"","om_disable_all_campaigns":false,"_monsterinsights_skip_tracking":false,"_monsterinsights_sitenote_active":false,"_monsterinsights_sitenote_note":"","_monsterinsights_sitenote_category":0,"_uf_show_specific_survey":0,"_uf_disable_surveys":false,"footnotes":""},"class_list":["post-113","page","type-page","status-publish","hentry"],"aioseo_notices":[],"_links":{"self":[{"href":"https:\/\/transferalmeria.com\/en\/wp-json\/wp\/v2\/pages\/113","targetHints":{"allow":["GET"]}}],"collection":[{"href":"https:\/\/transferalmeria.com\/en\/wp-json\/wp\/v2\/pages"}],"about":[{"href":"https:\/\/transferalmeria.com\/en\/wp-json\/wp\/v2\/types\/page"}],"author":[{"embeddable":true,"href":"https:\/\/transferalmeria.com\/en\/wp-json\/wp\/v2\/users\/2"}],"replies":[{"embeddable":true,"href":"https:\/\/transferalmeria.com\/en\/wp-json\/wp\/v2\/comments?post=113"}],"version-history":[{"count":9,"href":"https:\/\/transferalmeria.com\/en\/wp-json\/wp\/v2\/pages\/113\/revisions"}],"predecessor-version":[{"id":440,"href":"https:\/\/transferalmeria.com\/en\/wp-json\/wp\/v2\/pages\/113\/revisions\/440"}],"wp:attachment":[{"href":"https:\/\/transferalmeria.com\/en\/wp-json\/wp\/v2\/media?parent=113"}],"curies":[{"name":"wp","href":"https:\/\/api.w.org\/{rel}","templated":true}]}}