{"id":119,"date":"2024-03-06T13:28:48","date_gmt":"2024-03-06T13:28:48","guid":{"rendered":"http:\/\/transferalmeria.com\/?page_id=119"},"modified":"2024-05-21T14:34:55","modified_gmt":"2024-05-21T14:34:55","slug":"convenciones-y-eventos","status":"publish","type":"page","link":"https:\/\/transferalmeria.com\/en\/convenciones-y-eventos\/","title":{"rendered":"Conventions and events"},"content":{"rendered":"<p>[et_pb_section fb_built=\u00bb1&#8243; _builder_version=\u00bb4.24.2&#8243; _module_preset=\u00bbdefault\u00bb background_color=\u00bb#28347d\u00bb background_image=\u00bbhttps:\/\/transferalmeria.com\/wp-content\/uploads\/2024\/03\/furgoneta-blanca-moviendose-carretera-ciudad-al-fondo-paisaje-al-atardecer-scaled.jpg\u00bb background_blend=\u00bbsoft-light\u00bb height=\u00bb350px\u00bb border_width_bottom=\u00bb5px\u00bb border_color_bottom=\u00bb#E09900&#8243; global_colors_info=\u00bb{}\u00bb][et_pb_row column_structure=\u00bb1_2,1_2&#8243; use_custom_gutter=\u00bbon\u00bb make_equal=\u00bbon\u00bb _builder_version=\u00bb4.24.2&#8243; _module_preset=\u00bbdefault\u00bb global_colors_info=\u00bb{}\u00bb][et_pb_column type=\u00bb1_2&#8243; _builder_version=\u00bb4.24.2&#8243; _module_preset=\u00bbdefault\u00bb custom_css_main_element=\u00bbmargin:auto\u00bb global_colors_info=\u00bb{}\u00bb][et_pb_text _builder_version=\u00bb4.24.2&#8243; _module_preset=\u00bbdefault\u00bb header_font=\u00bbRajdhani|700|||||||\u00bb header_text_color=\u00bb#FFFFFF\u00bb header_font_size=\u00bb35px\u00bb global_colors_info=\u00bb{}\u00bb]<\/p>\n<h1>Convenciones y Eventos<br \/>\n<\/h1>\n<p>[\/et_pb_text][et_pb_button button_text=\u00bbReserva online\u00bb button_alignment=\u00bbleft\u00bb _builder_version=\u00bb4.24.2&#8243; _module_preset=\u00bbdefault\u00bb custom_button=\u00bbon\u00bb button_text_color=\u00bb#FFFFFF\u00bb button_bg_color=\u00bb#E09900&#8243; button_border_width=\u00bb0px\u00bb button_border_color=\u00bb#E09900&#8243; button_font=\u00bbRajdhani||||||||\u00bb button_icon=\u00bb&#xf1b9;||fa||900&#8243; global_module=\u00bb84&#8243; saved_tabs=\u00bball\u00bb global_colors_info=\u00bb{}\u00bb][\/et_pb_button][\/et_pb_column][et_pb_column type=\u00bb1_2&#8243; _builder_version=\u00bb4.24.2&#8243; _module_preset=\u00bbdefault\u00bb global_colors_info=\u00bb{}\u00bb][\/et_pb_column][\/et_pb_row][\/et_pb_section][et_pb_section fb_built=\u00bb1&#8243; _builder_version=\u00bb4.24.2&#8243; _module_preset=\u00bbdefault\u00bb custom_padding=\u00bb40px|||||\u00bb global_colors_info=\u00bb{}\u00bb][et_pb_row column_structure=\u00bb3_5,2_5&#8243; _builder_version=\u00bb4.24.2&#8243; _module_preset=\u00bbdefault\u00bb global_colors_info=\u00bb{}\u00bb][et_pb_column type=\u00bb3_5&#8243; _builder_version=\u00bb4.24.2&#8243; _module_preset=\u00bbdefault\u00bb global_colors_info=\u00bb{}\u00bb][et_pb_text _builder_version=\u00bb4.24.2&#8243; _module_preset=\u00bbdefault\u00bb text_font=\u00bbRajdhani||||||||\u00bb text_font_size=\u00bb18px\u00bb text_line_height=\u00bb1.4em\u00bb hover_enabled=\u00bb0&#8243; global_colors_info=\u00bb{}\u00bb text_orientation=\u00bbjustified\u00bb sticky_enabled=\u00bb0&#8243;]<\/p>\n<p><b>\u00bfNecesitas llevar un veh\u00edculo personalizado con la imagen de tu empresa a tu pr\u00f3ximo evento o convenci\u00f3n?<\/b><span style=\"font-weight: 400;\"> Nosotros nos encargamos de gestionar y coordinar todo el proceso para que puedas centrarte en lo m\u00e1s importante: <\/span><span style=\"font-weight: 400;\">tu evento<\/span><span style=\"font-weight: 400;\">.<\/span><\/p>\n<p><b>Nuestro equipo trabajar\u00e1 contigo para entender tus objetivos y definir tus necesidades de transporte<\/b><span style=\"font-weight: 400;\">. Desde la personalizaci\u00f3n de veh\u00edculos con tu imagen corporativa hasta la coordinaci\u00f3n de traslados para un gran n\u00famero de pasajeros y distintos lugares de origen y destino, <\/span><b>estamos aqu\u00ed para hacer que tu evento sea un \u00e9xito<\/b><span style=\"font-weight: 400;\">.<\/span><\/p>\n<p><span style=\"font-weight: 400;\">No importa el tama\u00f1o o la complejidad de tu evento, <\/span><b>contamos con m\u00e1s de 20 a\u00f1os de experiencia que nos permiten estar preparados para ofrecerte un servicio excepcional que se adapte a tus necesidades<\/b><span style=\"font-weight: 400;\">. \u00a1Contacta con nosotros y empecemos a trabajar juntos!<\/span><\/p>\n<p>[\/et_pb_text][\/et_pb_column][et_pb_column type=\u00bb2_5&#8243; _builder_version=\u00bb4.24.2&#8243; _module_preset=\u00bbdefault\u00bb global_colors_info=\u00bb{}\u00bb][et_pb_image src=\u00bbhttps:\/\/transferalmeria.com\/wp-content\/uploads\/2024\/05\/categorias-conveciones.png\u00bb title_text=\u00bbcategorias conveciones\u00bb _builder_version=\u00bb4.24.2&#8243; _module_preset=\u00bbdefault\u00bb global_colors_info=\u00bb{}\u00bb][\/et_pb_image][\/et_pb_column][\/et_pb_row][\/et_pb_section]<\/p>\n","protected":false},"excerpt":{"rendered":"<p>Convenciones y Eventos \u00bfNecesitas llevar un veh\u00edculo personalizado con la imagen de tu empresa a tu pr\u00f3ximo evento o convenci\u00f3n? Nosotros nos encargamos de gestionar y coordinar todo el proceso para que puedas centrarte en lo m\u00e1s importante: tu evento. Nuestro equipo trabajar\u00e1 contigo para entender tus objetivos y definir tus necesidades de transporte. Desde [&hellip;]<\/p>\n","protected":false},"author":2,"featured_media":0,"parent":0,"menu_order":0,"comment_status":"closed","ping_status":"closed","template":"","meta":{"_et_pb_use_builder":"on","_et_pb_old_content":"","_et_gb_content_width":"","om_disable_all_campaigns":false,"_monsterinsights_skip_tracking":false,"_monsterinsights_sitenote_active":false,"_monsterinsights_sitenote_note":"","_monsterinsights_sitenote_category":0,"_uf_show_specific_survey":0,"_uf_disable_surveys":false,"footnotes":""},"class_list":["post-119","page","type-page","status-publish","hentry"],"aioseo_notices":[],"_links":{"self":[{"href":"https:\/\/transferalmeria.com\/en\/wp-json\/wp\/v2\/pages\/119","targetHints":{"allow":["GET"]}}],"collection":[{"href":"https:\/\/transferalmeria.com\/en\/wp-json\/wp\/v2\/pages"}],"about":[{"href":"https:\/\/transferalmeria.com\/en\/wp-json\/wp\/v2\/types\/page"}],"author":[{"embeddable":true,"href":"https:\/\/transferalmeria.com\/en\/wp-json\/wp\/v2\/users\/2"}],"replies":[{"embeddable":true,"href":"https:\/\/transferalmeria.com\/en\/wp-json\/wp\/v2\/comments?post=119"}],"version-history":[{"count":6,"href":"https:\/\/transferalmeria.com\/en\/wp-json\/wp\/v2\/pages\/119\/revisions"}],"predecessor-version":[{"id":364,"href":"https:\/\/transferalmeria.com\/en\/wp-json\/wp\/v2\/pages\/119\/revisions\/364"}],"wp:attachment":[{"href":"https:\/\/transferalmeria.com\/en\/wp-json\/wp\/v2\/media?parent=119"}],"curies":[{"name":"wp","href":"https:\/\/api.w.org\/{rel}","templated":true}]}}