{"id":138,"date":"2024-03-06T13:48:29","date_gmt":"2024-03-06T13:48:29","guid":{"rendered":"http:\/\/transferalmeria.com\/?page_id=138"},"modified":"2024-08-12T15:44:18","modified_gmt":"2024-08-12T15:44:18","slug":"bodas-y-celebraciones","status":"publish","type":"page","link":"https:\/\/transferalmeria.com\/en\/bodas-y-celebraciones\/","title":{"rendered":"Weddings &amp; Celebrations"},"content":{"rendered":"<p>[et_pb_section fb_built=\u00bb1&#8243; _builder_version=\u00bb4.24.2&#8243; _module_preset=\u00bbdefault\u00bb background_color=\u00bb#28347d\u00bb background_image=\u00bbhttps:\/\/transferalmeria.com\/wp-content\/uploads\/2024\/03\/pareja-casada-feliz-tiro-medio-coche-scaled.jpg\u00bb background_blend=\u00bbsoft-light\u00bb height=\u00bb350px\u00bb border_width_bottom=\u00bb5px\u00bb border_color_bottom=\u00bb#E09900&#8243; global_colors_info=\u00bb{}\u00bb][et_pb_row column_structure=\u00bb1_2,1_2&#8243; use_custom_gutter=\u00bbon\u00bb make_equal=\u00bbon\u00bb _builder_version=\u00bb4.24.2&#8243; _module_preset=\u00bbdefault\u00bb global_colors_info=\u00bb{}\u00bb][et_pb_column type=\u00bb1_2&#8243; _builder_version=\u00bb4.24.2&#8243; _module_preset=\u00bbdefault\u00bb custom_css_main_element=\u00bbmargin:auto\u00bb global_colors_info=\u00bb{}\u00bb][et_pb_text _builder_version=\u00bb4.24.2&#8243; _module_preset=\u00bbdefault\u00bb header_font=\u00bbRajdhani|700|||||||\u00bb header_text_color=\u00bb#FFFFFF\u00bb header_font_size=\u00bb35px\u00bb hover_enabled=\u00bb0&#8243; global_colors_info=\u00bb{}\u00bb sticky_enabled=\u00bb0&#8243; width=\u00bb100%\u00bb]<\/p>\n<h1 class=\"entry-title\">Coches para celebraciones en Almer\u00eda (bodas, eventos\u2026)<\/h1>\n<p>[\/et_pb_text][et_pb_text _builder_version=\u00bb4.24.2&#8243; text_text_color=\u00bb#FFFFFF\u00bb text_font_size=\u00bb20px\u00bb text_line_height=\u00bb1.8em\u00bb header_font=\u00bbRajdhani|700|||||||\u00bb header_text_color=\u00bb#FFFFFF\u00bb header_font_size=\u00bb55px\u00bb header_line_height=\u00bb1.3em\u00bb custom_margin=\u00bb-29px|-554px|-1px|||\u00bb custom_padding=\u00bb4px|0px||||\u00bb hover_enabled=\u00bb0&#8243; header_font_size_tablet=\u00bb\u00bb header_font_size_phone=\u00bb40px\u00bb header_font_size_last_edited=\u00bbon|phone\u00bb global_colors_info=\u00bb{}\u00bb locked=\u00bboff\u00bb sticky_enabled=\u00bb0&#8243; width=\u00bb121.54328241284763%\u00bb]<\/p>\n<p><span style=\"font-weight: 400;\">Servicios especializados de transporte para bodas y celebraciones con coches para celebraciones en Almer\u00eda que garantizan elegancia y comodidad.<\/span><\/p>\n<h1><\/h1>\n<p>[\/et_pb_text][et_pb_button button_text=\u00bbReserva online\u00bb button_alignment=\u00bbleft\u00bb _builder_version=\u00bb4.24.2&#8243; _module_preset=\u00bbdefault\u00bb custom_button=\u00bbon\u00bb button_text_color=\u00bb#FFFFFF\u00bb button_bg_color=\u00bb#E09900&#8243; button_border_width=\u00bb0px\u00bb button_border_color=\u00bb#E09900&#8243; button_font=\u00bbRajdhani||||||||\u00bb button_icon=\u00bb&#xf1b9;||fa||900&#8243; custom_padding=\u00bb||6px|||\u00bb global_module=\u00bb84&#8243; saved_tabs=\u00bball\u00bb global_colors_info=\u00bb{}\u00bb][\/et_pb_button][\/et_pb_column][et_pb_column type=\u00bb1_2&#8243; _builder_version=\u00bb4.24.2&#8243; _module_preset=\u00bbdefault\u00bb global_colors_info=\u00bb{}\u00bb][\/et_pb_column][\/et_pb_row][\/et_pb_section][et_pb_section fb_built=\u00bb1&#8243; _builder_version=\u00bb4.24.2&#8243; _module_preset=\u00bbdefault\u00bb custom_padding=\u00bb40px|||||\u00bb global_colors_info=\u00bb{}\u00bb][et_pb_row column_structure=\u00bb3_5,2_5&#8243; _builder_version=\u00bb4.24.2&#8243; _module_preset=\u00bbdefault\u00bb global_colors_info=\u00bb{}\u00bb][et_pb_column type=\u00bb3_5&#8243; _builder_version=\u00bb4.24.2&#8243; _module_preset=\u00bbdefault\u00bb global_colors_info=\u00bb{}\u00bb][et_pb_text _builder_version=\u00bb4.24.2&#8243; text_font=\u00bbRajdhani|800|||||||\u00bb text_text_color=\u00bb#E09900&#8243; text_font_size=\u00bb35px\u00bb text_line_height=\u00bb1.2em\u00bb custom_margin=\u00bb-16px|||\u00bb custom_padding=\u00bb|||\u00bb hover_enabled=\u00bb0&#8243; text_line_height_tablet=\u00bb\u00bb text_line_height_phone=\u00bb1.2em\u00bb text_line_height_last_edited=\u00bbon|phone\u00bb global_colors_info=\u00bb{}\u00bb locked=\u00bboff\u00bb sticky_enabled=\u00bb0&#8243;]<\/p>\n<h2><span style=\"color: #ff6600;\"><strong>Celebra tu d\u00eda m\u00e1s especial con nuestros coches para celebraciones en Almer\u00eda<\/strong><\/span><\/h2>\n<p>[\/et_pb_text][et_pb_text _builder_version=\u00bb4.24.2&#8243; _module_preset=\u00bbdefault\u00bb text_font=\u00bbRajdhani||||||||\u00bb text_font_size=\u00bb18px\u00bb text_line_height=\u00bb1.4em\u00bb header_2_font=\u00bb|700|||||||\u00bb header_2_text_color=\u00bb#E09900&#8243; header_2_font_size=\u00bb25px\u00bb text_orientation=\u00bbjustified\u00bb hover_enabled=\u00bb0&#8243; global_colors_info=\u00bb{}\u00bb sticky_enabled=\u00bb0&#8243;]<\/p>\n<p><span style=\"font-weight: 400;\">En Transfer Almer\u00eda, entendemos que tu boda es uno de los d\u00edas m\u00e1s importantes de tu vida, en el cual cada detalle cuenta. Es por eso por lo que ofrecemos <strong>una selecci\u00f3n exclusiva de veh\u00edculos para que tu llegada a la ceremonia sea inolvidable<\/strong>. Imagina llegar a tu boda en un veh\u00edculo elegante y distinguido, que refleje la belleza y la emoci\u00f3n de este momento \u00fanico.\u00a0<\/span><\/p>\n<p><span style=\"font-weight: 400;\">Nuestra flota de veh\u00edculos incluye <strong>opciones de lujo para cualquier evento<\/strong>, asegurando que tu d\u00eda especial sea a\u00fan m\u00e1s memorable. Deja que nos encarguemos de los detalles log\u00edsticos para que puedas relajarte y disfrutar del trayecto hacia el comienzo de vuestra nueva vida juntos. El <strong>servicio de coches para celebraciones en Almer\u00eda<\/strong> de Transfer Almer\u00eda har\u00e1 realidad tus sue\u00f1os y te ayudar\u00e1 a crear recuerdos que atesorar\u00e1s para siempre. Toma asiento, rel\u00e1jate y disfruta del trayecto.<\/span><\/p>\n<p>[\/et_pb_text][et_pb_text _builder_version=\u00bb4.24.2&#8243; text_font=\u00bbRajdhani|800|||||||\u00bb text_text_color=\u00bb#E09900&#8243; text_font_size=\u00bb35px\u00bb text_line_height=\u00bb1.2em\u00bb custom_margin=\u00bb21px|||||\u00bb custom_padding=\u00bb|||\u00bb hover_enabled=\u00bb0&#8243; text_line_height_tablet=\u00bb\u00bb text_line_height_phone=\u00bb1.2em\u00bb text_line_height_last_edited=\u00bbon|phone\u00bb global_colors_info=\u00bb{}\u00bb locked=\u00bboff\u00bb sticky_enabled=\u00bb0&#8243;]<\/p>\n<h2><span style=\"color: #ff6600;\"><strong>Ventajas de elegir los coches para celebraciones en Almer\u00eda de Transfer Almer\u00eda<\/strong><\/span><\/h2>\n<p>[\/et_pb_text][et_pb_text _builder_version=\u00bb4.24.2&#8243; _module_preset=\u00bbdefault\u00bb text_font=\u00bbRajdhani||||||||\u00bb text_font_size=\u00bb18px\u00bb text_line_height=\u00bb1.4em\u00bb header_2_font=\u00bb|700|||||||\u00bb header_2_text_color=\u00bb#E09900&#8243; header_2_font_size=\u00bb25px\u00bb text_orientation=\u00bbjustified\u00bb hover_enabled=\u00bb0&#8243; global_colors_info=\u00bb{}\u00bb sticky_enabled=\u00bb0&#8243; locked=\u00bboff\u00bb]<\/p>\n<ul>\n<li style=\"font-weight: 400;\" aria-level=\"1\"><strong>Variedad y elegancia de veh\u00edculos<\/strong><span style=\"font-weight: 400;\">: Contamos con una flota diversa que incluye desde veh\u00edculos cl\u00e1sicos y elegantes hasta limusinas modernas y lujosas para que llegues a tu evento con una presentaci\u00f3n impecable.<\/span><\/li>\n<li style=\"font-weight: 400;\" aria-level=\"1\"><strong>Servicio personalizado<\/strong><span style=\"font-weight: 400;\">: Nuestro equipo trabaja estrechamente contigo para entender tus necesidades, y ofrecer soluciones de transporte a medida.<\/span><\/li>\n<li style=\"font-weight: 400;\" aria-level=\"1\"><strong>Profesionalidad y puntualidad<\/strong><span style=\"font-weight: 400;\">: Llegar a tiempo y con estilo es fundamental en cualquier celebraci\u00f3n, y nosotros nos aseguramos de que todo fluya sin contratiempos.<\/span><\/li>\n<li style=\"font-weight: 400;\" aria-level=\"1\"><strong>Comodidad y lujo<\/strong><span style=\"font-weight: 400;\">: Desde asientos de cuero hasta sistemas de entretenimiento avanzados, cada detalle est\u00e1 pensado para tu disfrute<\/span><\/li>\n<\/ul>\n<p><strong>Y aunque ofrecemos un servicio de alta calidad, los precios de nuestros servicios de transporte para bodas en Almer\u00eda son competitivos y transparentes.<\/strong><\/p>\n<p>[\/et_pb_text][\/et_pb_column][et_pb_column type=\u00bb2_5&#8243; _builder_version=\u00bb4.24.2&#8243; _module_preset=\u00bbdefault\u00bb global_colors_info=\u00bb{}\u00bb][et_pb_image src=\u00bbhttps:\/\/transferalmeria.com\/wp-content\/uploads\/2024\/05\/categorias-bodas-y-celebraciones.png\u00bb title_text=\u00bbcategorias bodas y celebraciones\u00bb _builder_version=\u00bb4.24.2&#8243; _module_preset=\u00bbdefault\u00bb global_colors_info=\u00bb{}\u00bb][\/et_pb_image][\/et_pb_column][\/et_pb_row][et_pb_row _builder_version=\u00bb4.24.2&#8243; _module_preset=\u00bbdefault\u00bb column_structure=\u00bb2_5,3_5&#8243;][et_pb_column _builder_version=\u00bb4.24.2&#8243; _module_preset=\u00bbdefault\u00bb type=\u00bb2_5&#8243;][et_pb_gallery gallery_ids=\u00bb143,144,145,146,147,148,149,150&#8243; fullwidth=\u00bbon\u00bb _builder_version=\u00bb4.24.2&#8243; _module_preset=\u00bbdefault\u00bb auto=\u00bbon\u00bb auto_speed=\u00bb4000&#8243; hover_enabled=\u00bb0&#8243; global_colors_info=\u00bb{}\u00bb locked=\u00bboff\u00bb custom_margin=\u00bb30px||||false|false\u00bb sticky_enabled=\u00bb0&#8243;][\/et_pb_gallery][\/et_pb_column][et_pb_column _builder_version=\u00bb4.24.2&#8243; _module_preset=\u00bbdefault\u00bb type=\u00bb3_5&#8243;][et_pb_text _builder_version=\u00bb4.24.2&#8243; text_font=\u00bbRajdhani|800|||||||\u00bb text_text_color=\u00bb#E09900&#8243; text_font_size=\u00bb35px\u00bb text_line_height=\u00bb1.2em\u00bb custom_margin=\u00bb21px|||||\u00bb custom_padding=\u00bb|||\u00bb hover_enabled=\u00bb0&#8243; text_line_height_tablet=\u00bb\u00bb text_line_height_phone=\u00bb1.2em\u00bb text_line_height_last_edited=\u00bbon|phone\u00bb global_colors_info=\u00bb{}\u00bb locked=\u00bboff\u00bb sticky_enabled=\u00bb0&#8243;]<\/p>\n<h2><span style=\"color: #ff6600;\"><b>Servicios de transporte para bodas en Almer\u00eda<\/b><\/span><\/h2>\n<p>[\/et_pb_text][et_pb_text _builder_version=\u00bb4.24.2&#8243; _module_preset=\u00bbdefault\u00bb text_font=\u00bbRajdhani||||||||\u00bb text_font_size=\u00bb18px\u00bb text_line_height=\u00bb1.4em\u00bb header_2_font=\u00bb|700|||||||\u00bb header_2_text_color=\u00bb#E09900&#8243; header_2_font_size=\u00bb25px\u00bb text_orientation=\u00bbjustified\u00bb hover_enabled=\u00bb0&#8243; global_colors_info=\u00bb{}\u00bb sticky_enabled=\u00bb0&#8243; locked=\u00bboff\u00bb]<\/p>\n<p><span style=\"font-weight: 400;\"><strong>Elegir nuestros coches para celebraciones en Almer\u00eda<\/strong> ofrece m\u00faltiples ventajas que pueden hacer de tu evento una experiencia inolvidable. La <a href=\"https:\/\/transferalmeria.com\/flota-servicio-de-transporte\/\">variedad de veh\u00edculos elegantes y exclusivos disponibles<\/a> asegura que encuentres el coche perfecto que se ajuste al estilo de tu celebraci\u00f3n. Tanto si buscas un <strong>cl\u00e1sico coche de lujo, una moderna limusina o un veh\u00edculo m\u00e1s tradicional<\/strong>, contamos con opciones para todo tipo de preferencias.<\/span><\/p>\n<p><span style=\"font-weight: 400;\">Cada tipo de veh\u00edculo tiene sus propias caracter\u00edsticas y ventajas. Por ejemplo, <strong>un coche cl\u00e1sico puede aportar un toque de sofisticaci\u00f3n<\/strong> y nostalgia a tu boda, creando un ambiente rom\u00e1ntico y atemporal. Por otro lado, <strong>las limusinas modernas ofrecen un espacio amplio y lujoso<\/strong>, ideal para trasladar a la pareja de novios con comodidad y estilo. Adem\u00e1s, muchos de estos veh\u00edculos est\u00e1n equipados con comodidades adicionales como <strong>sistemas de sonido de alta calidad, asientos de cuero y minibare<\/strong>s, para que tu viaje sea placentero y lleno de confort.<\/span><\/p>\n<p><span style=\"font-weight: 400;\">Pero nuestro excepcional servicio de transporte para bodas en Almer\u00eda no se basa s\u00f3lo en la est\u00e9tica y el lujo, sino tambi\u00e9n en <a href=\"https:\/\/transferalmeria.com\/transfer-almeria-empresa\/\">la profesionalidad de nuestros conductores<\/a>, capacitados para ofrecer un servicio impecable, garantizando puntualidad y seguridad en todo momento.\u00a0<\/span><\/p>\n<p>[\/et_pb_text][\/et_pb_column][\/et_pb_row][et_pb_row _builder_version=\u00bb4.24.2&#8243; _module_preset=\u00bbdefault\u00bb][et_pb_column _builder_version=\u00bb4.24.2&#8243; _module_preset=\u00bbdefault\u00bb type=\u00bb4_4&#8243;][et_pb_text _builder_version=\u00bb4.24.2&#8243; text_font=\u00bbRajdhani|800|||||||\u00bb text_text_color=\u00bb#E09900&#8243; text_font_size=\u00bb35px\u00bb text_line_height=\u00bb1.2em\u00bb custom_margin=\u00bb21px|||||\u00bb custom_padding=\u00bb|||\u00bb hover_enabled=\u00bb0&#8243; text_line_height_tablet=\u00bb\u00bb text_line_height_phone=\u00bb1.2em\u00bb text_line_height_last_edited=\u00bbon|phone\u00bb global_colors_info=\u00bb{}\u00bb locked=\u00bboff\u00bb sticky_enabled=\u00bb0&#8243;]<\/p>\n<h2><span style=\"color: #ff6600;\"><strong>Nuestro servicio de veh\u00edculos para celebraciones en Almer\u00eda deja huella<\/strong><\/span> <\/h2>\n<p>[\/et_pb_text][et_pb_text _builder_version=\u00bb4.24.2&#8243; _module_preset=\u00bbdefault\u00bb text_font=\u00bbRajdhani||||||||\u00bb text_font_size=\u00bb18px\u00bb text_line_height=\u00bb1.4em\u00bb header_2_font=\u00bb|700|||||||\u00bb header_2_text_color=\u00bb#E09900&#8243; header_2_font_size=\u00bb25px\u00bb text_orientation=\u00bbjustified\u00bb hover_enabled=\u00bb0&#8243; global_colors_info=\u00bb{}\u00bb sticky_enabled=\u00bb0&#8243; locked=\u00bboff\u00bb]<\/p>\n<p><span style=\"font-weight: 400;\">Nuestro <strong>servicio de veh\u00edculos para eventos en Almer\u00eda<\/strong> ha dejado huella en numerosas celebraciones, transformando d\u00edas especiales en momentos inolvidables. Clientes anteriores han compartido sus experiencias positivas, destacando la <strong>puntualidad y profesionalidad de nuestros conductores<\/strong>, as\u00ed como la elegancia y confort de nuestros veh\u00edculos.<\/span><\/p>\n<p><span style=\"font-weight: 400;\">Transfer Almer\u00eda se dedica a proporcionar una experiencia excepcional, adapt\u00e1ndose a las necesidades espec\u00edficas de cada cliente. Nos esforzamos por garantizar que cada evento, ya sea una boda, un cumplea\u00f1os o cualquier celebraci\u00f3n, sea perfecto en todos los aspectos. Nuestro <strong>compromiso con la excelencia y la atenci\u00f3n al detalle<\/strong> aseguran que cada cliente se sienta especial y atendido en todo momento.<\/span><\/p>\n<p><span style=\"font-weight: 400;\">Al alquilar nuestros veh\u00edculos para celebraciones en Almer\u00eda de Transfer Almer\u00eda contribuimos significativamente a la creaci\u00f3n de recuerdos duraderos. Y puedes estar seguro de que todo lo relativo al transporte en tu evento ser\u00e1 gestionado con el m\u00e1ximo cuidado.<\/span><\/p>\n<p>[\/et_pb_text][et_pb_image src=\u00bbhttps:\/\/transferalmeria.com\/wp-content\/uploads\/2024\/03\/pareja-casada-feliz-tiro-medio-coche-scaled.jpg\u00bb _builder_version=\u00bb4.24.2&#8243; _module_preset=\u00bbdefault\u00bb title_text=\u00bbpareja-casada-feliz-tiro-medio-coche\u00bb hover_enabled=\u00bb0&#8243; sticky_enabled=\u00bb0&#8243;][\/et_pb_image][et_pb_text _builder_version=\u00bb4.24.2&#8243; text_font=\u00bbRajdhani|800|||||||\u00bb text_text_color=\u00bb#E09900&#8243; text_font_size=\u00bb35px\u00bb text_line_height=\u00bb1.2em\u00bb custom_margin=\u00bb56px|||||\u00bb custom_padding=\u00bb|||\u00bb hover_enabled=\u00bb0&#8243; text_line_height_tablet=\u00bb\u00bb text_line_height_phone=\u00bb1.2em\u00bb text_line_height_last_edited=\u00bbon|phone\u00bb global_colors_info=\u00bb{}\u00bb locked=\u00bboff\u00bb sticky_enabled=\u00bb0&#8243;]<\/p>\n<h2><span style=\"color: #ff6600;\"><strong>Haz tu reserva de veh\u00edculos para eventos en Almer\u00eda hoy<\/strong><\/span><\/h2>\n<p>[\/et_pb_text][et_pb_text _builder_version=\u00bb4.24.2&#8243; _module_preset=\u00bbdefault\u00bb text_font=\u00bbRajdhani||||||||\u00bb text_font_size=\u00bb18px\u00bb text_line_height=\u00bb1.4em\u00bb header_2_font=\u00bb|700|||||||\u00bb header_2_text_color=\u00bb#E09900&#8243; header_2_font_size=\u00bb25px\u00bb text_orientation=\u00bbjustified\u00bb hover_enabled=\u00bb0&#8243; global_colors_info=\u00bb{}\u00bb sticky_enabled=\u00bb0&#8243; locked=\u00bboff\u00bb]<\/p>\n<p>No dejes que el estr\u00e9s del transporte arruine tu d\u00eda especial. Conf\u00eda en Transfer Almer\u00eda para proporcionarte <strong>coches para celebraciones en Almer\u00eda que cumplan con todas tus expectativas<\/strong> y mucho m\u00e1s. Ponte en contacto con nosotros hoy mismo para obtener m\u00e1s informaci\u00f3n sobre nuestros servicios y para realizar una reserva. Puedes visitar nuestra p\u00e1gina web para <a href=\"https:\/\/transferalmeria.com\/flota-servicio-de-transporte\/\">explorar nuestra flota de veh\u00edculos<\/a> y tambi\u00e9n puedes llamarnos o enviarnos un correo electr\u00f3nico para discutir tus necesidades espec\u00edficas.<\/p>\n<p><strong>Haz de tu celebraci\u00f3n un evento inolvidable con la elegancia y el lujo que s\u00f3lo Transfer Almer\u00eda puede ofrecer. \u00a1Queremos ser parte de tu d\u00eda especial!<\/strong><\/p>\n<p>[\/et_pb_text][\/et_pb_column][\/et_pb_row][\/et_pb_section]<\/p>\n","protected":false},"excerpt":{"rendered":"<p>Coches para celebraciones en Almer\u00eda (bodas, eventos\u2026)Servicios especializados de transporte para bodas y celebraciones con coches para celebraciones en Almer\u00eda que garantizan elegancia y comodidad. Celebra tu d\u00eda m\u00e1s especial con nuestros coches para celebraciones en Almer\u00edaEn Transfer Almer\u00eda, entendemos que tu boda es uno de los d\u00edas m\u00e1s importantes de tu vida, en el [&hellip;]<\/p>\n","protected":false},"author":2,"featured_media":0,"parent":0,"menu_order":0,"comment_status":"closed","ping_status":"closed","template":"","meta":{"_et_pb_use_builder":"on","_et_pb_old_content":"","_et_gb_content_width":"","om_disable_all_campaigns":false,"_monsterinsights_skip_tracking":false,"_monsterinsights_sitenote_active":false,"_monsterinsights_sitenote_note":"","_monsterinsights_sitenote_category":0,"_uf_show_specific_survey":0,"_uf_disable_surveys":false,"footnotes":""},"class_list":["post-138","page","type-page","status-publish","hentry"],"aioseo_notices":[],"_links":{"self":[{"href":"https:\/\/transferalmeria.com\/en\/wp-json\/wp\/v2\/pages\/138","targetHints":{"allow":["GET"]}}],"collection":[{"href":"https:\/\/transferalmeria.com\/en\/wp-json\/wp\/v2\/pages"}],"about":[{"href":"https:\/\/transferalmeria.com\/en\/wp-json\/wp\/v2\/types\/page"}],"author":[{"embeddable":true,"href":"https:\/\/transferalmeria.com\/en\/wp-json\/wp\/v2\/users\/2"}],"replies":[{"embeddable":true,"href":"https:\/\/transferalmeria.com\/en\/wp-json\/wp\/v2\/comments?post=138"}],"version-history":[{"count":8,"href":"https:\/\/transferalmeria.com\/en\/wp-json\/wp\/v2\/pages\/138\/revisions"}],"predecessor-version":[{"id":408,"href":"https:\/\/transferalmeria.com\/en\/wp-json\/wp\/v2\/pages\/138\/revisions\/408"}],"wp:attachment":[{"href":"https:\/\/transferalmeria.com\/en\/wp-json\/wp\/v2\/media?parent=138"}],"curies":[{"name":"wp","href":"https:\/\/api.w.org\/{rel}","templated":true}]}}