{"id":152,"date":"2024-03-06T13:56:18","date_gmt":"2024-03-06T13:56:18","guid":{"rendered":"http:\/\/transferalmeria.com\/?page_id=152"},"modified":"2024-08-12T15:59:07","modified_gmt":"2024-08-12T15:59:07","slug":"su-servicio-vtc-en-almeria","status":"publish","type":"page","link":"https:\/\/transferalmeria.com\/en\/su-servicio-vtc-en-almeria\/","title":{"rendered":"Your VTC Service In Almeria"},"content":{"rendered":"<p>[et_pb_section fb_built=\u00bb1&#8243; _builder_version=\u00bb4.24.2&#8243; _module_preset=\u00bbdefault\u00bb background_color=\u00bb#28347d\u00bb background_image=\u00bbhttps:\/\/transferalmeria.com\/wp-content\/uploads\/2024\/03\/hands-steering-wheel-beautiful-businesswoman-trying-her-new-car-automobile-salon-scaled.jpg\u00bb background_position=\u00bbcenter_right\u00bb background_blend=\u00bbsoft-light\u00bb height=\u00bb350px\u00bb border_width_bottom=\u00bb5px\u00bb border_color_bottom=\u00bb#E09900&#8243; global_colors_info=\u00bb{}\u00bb][et_pb_row column_structure=\u00bb1_2,1_2&#8243; use_custom_gutter=\u00bbon\u00bb make_equal=\u00bbon\u00bb _builder_version=\u00bb4.24.2&#8243; _module_preset=\u00bbdefault\u00bb global_colors_info=\u00bb{}\u00bb][et_pb_column type=\u00bb1_2&#8243; _builder_version=\u00bb4.24.2&#8243; _module_preset=\u00bbdefault\u00bb custom_css_main_element=\u00bbmargin:auto\u00bb global_colors_info=\u00bb{}\u00bb][et_pb_text _builder_version=\u00bb4.24.2&#8243; _module_preset=\u00bbdefault\u00bb header_font=\u00bbRajdhani|700|||||||\u00bb header_text_color=\u00bb#FFFFFF\u00bb header_font_size=\u00bb35px\u00bb hover_enabled=\u00bb0&#8243; global_colors_info=\u00bb{}\u00bb sticky_enabled=\u00bb0&#8243; custom_margin=\u00bb||28px|||\u00bb]<\/p>\n<h1 class=\"entry-title\">Servicio VTC en Almer\u00eda &#8211; Transfer Almer\u00eda<\/h1>\n<p>[\/et_pb_text][et_pb_text _builder_version=\u00bb4.24.2&#8243; text_text_color=\u00bb#FFFFFF\u00bb text_font_size=\u00bb20px\u00bb text_line_height=\u00bb1.8em\u00bb header_font=\u00bbRajdhani|700|||||||\u00bb header_text_color=\u00bb#FFFFFF\u00bb header_font_size=\u00bb55px\u00bb header_line_height=\u00bb1.3em\u00bb custom_margin=\u00bb-29px|-110px|-1px|||\u00bb custom_padding=\u00bb4px|0px||||\u00bb hover_enabled=\u00bb0&#8243; header_font_size_tablet=\u00bb\u00bb header_font_size_phone=\u00bb40px\u00bb header_font_size_last_edited=\u00bbon|phone\u00bb global_colors_info=\u00bb{}\u00bb locked=\u00bboff\u00bb sticky_enabled=\u00bb0&#8243;]<\/p>\n<p><span style=\"font-weight: 400;\">Bienvenidos a nuestro servicio de VTC en Almer\u00eda, donde la comodidad y la calidad del transporte se encuentran en perfecta armon\u00eda.<\/span><\/p>\n<h1><\/h1>\n<p>[\/et_pb_text][et_pb_button button_text=\u00bbReserva online\u00bb button_alignment=\u00bbleft\u00bb _builder_version=\u00bb4.24.2&#8243; _module_preset=\u00bbdefault\u00bb custom_button=\u00bbon\u00bb button_text_color=\u00bb#FFFFFF\u00bb button_bg_color=\u00bb#E09900&#8243; button_border_width=\u00bb0px\u00bb button_border_color=\u00bb#E09900&#8243; button_font=\u00bbRajdhani||||||||\u00bb button_icon=\u00bb&#xf1b9;||fa||900&#8243; custom_padding=\u00bb||6px|||\u00bb global_module=\u00bb84&#8243; saved_tabs=\u00bball\u00bb global_colors_info=\u00bb{}\u00bb][\/et_pb_button][\/et_pb_column][et_pb_column type=\u00bb1_2&#8243; _builder_version=\u00bb4.24.2&#8243; _module_preset=\u00bbdefault\u00bb global_colors_info=\u00bb{}\u00bb][\/et_pb_column][\/et_pb_row][\/et_pb_section][et_pb_section fb_built=\u00bb1&#8243; _builder_version=\u00bb4.24.2&#8243; _module_preset=\u00bbdefault\u00bb custom_padding=\u00bb40px|||||\u00bb global_colors_info=\u00bb{}\u00bb][et_pb_row column_structure=\u00bb3_5,2_5&#8243; _builder_version=\u00bb4.24.2&#8243; _module_preset=\u00bbdefault\u00bb global_colors_info=\u00bb{}\u00bb][et_pb_column type=\u00bb3_5&#8243; _builder_version=\u00bb4.24.2&#8243; _module_preset=\u00bbdefault\u00bb global_colors_info=\u00bb{}\u00bb][et_pb_text _builder_version=\u00bb4.24.2&#8243; text_font=\u00bbRajdhani|800|||||||\u00bb text_text_color=\u00bb#E09900&#8243; text_font_size=\u00bb35px\u00bb text_line_height=\u00bb1.2em\u00bb custom_margin=\u00bb-16px|||\u00bb custom_padding=\u00bb|||\u00bb hover_enabled=\u00bb0&#8243; text_line_height_tablet=\u00bb\u00bb text_line_height_phone=\u00bb1.2em\u00bb text_line_height_last_edited=\u00bbon|phone\u00bb global_colors_info=\u00bb{}\u00bb locked=\u00bboff\u00bb sticky_enabled=\u00bb0&#8243;]<\/p>\n<h2><span style=\"color: #ff6600;\"><strong>Servicio de coches VTC en Almer\u00eda con conductor<\/strong><\/span> <\/h2>\n<p>[\/et_pb_text][et_pb_text _builder_version=\u00bb4.24.2&#8243; _module_preset=\u00bbdefault\u00bb text_font=\u00bbRajdhani||||||||\u00bb text_font_size=\u00bb18px\u00bb text_line_height=\u00bb1.4em\u00bb text_orientation=\u00bbjustified\u00bb hover_enabled=\u00bb0&#8243; global_colors_info=\u00bb{}\u00bb sticky_enabled=\u00bb0&#8243;]<\/p>\n<p>Nuestro <strong>servicio de veh\u00edculos con conductor<\/strong> est\u00e1 pensado para satisfacer las necesidades tanto de residentes como de visitantes de la regi\u00f3n. Ya sea que necesites un transporte puntual para tus reuniones de negocios, un veh\u00edculo elegante para un evento especial, o un recorrido tur\u00edstico c\u00f3modo por la ciudad, nuestro <strong>servicio VTC en Almer\u00eda<\/strong> est\u00e1 listo para ofrecerte la mejor experiencia.<\/p>\n<p>En Transfer Almer\u00eda, estamos aqu\u00ed para acompa\u00f1arte desde el origen hasta tu destino final, con total profesionalidad y siempre a tu disposici\u00f3n. <strong>\u00bfListo para subir y disfrutar del viaje?<\/strong><\/p>\n<p>&nbsp;<\/p>\n<p>[\/et_pb_text][\/et_pb_column][et_pb_column type=\u00bb2_5&#8243; _builder_version=\u00bb4.24.2&#8243; _module_preset=\u00bbdefault\u00bb global_colors_info=\u00bb{}\u00bb][et_pb_image src=\u00bbhttps:\/\/transferalmeria.com\/wp-content\/uploads\/2024\/03\/VTC.png\u00bb title_text=\u00bbVTC\u00bb _builder_version=\u00bb4.24.2&#8243; _module_preset=\u00bbdefault\u00bb global_colors_info=\u00bb{}\u00bb][\/et_pb_image][\/et_pb_column][\/et_pb_row][et_pb_row _builder_version=\u00bb4.24.2&#8243; _module_preset=\u00bbdefault\u00bb][et_pb_column _builder_version=\u00bb4.24.2&#8243; _module_preset=\u00bbdefault\u00bb type=\u00bb4_4&#8243;][et_pb_text _builder_version=\u00bb4.24.2&#8243; text_font=\u00bbRajdhani|800|||||||\u00bb text_text_color=\u00bb#E09900&#8243; text_font_size=\u00bb35px\u00bb text_line_height=\u00bb1.2em\u00bb custom_margin=\u00bb-16px|||\u00bb custom_padding=\u00bb|||\u00bb hover_enabled=\u00bb0&#8243; text_line_height_tablet=\u00bb\u00bb text_line_height_phone=\u00bb1.2em\u00bb text_line_height_last_edited=\u00bbon|phone\u00bb global_colors_info=\u00bb{}\u00bb locked=\u00bboff\u00bb sticky_enabled=\u00bb0&#8243;]<\/p>\n<h2><span style=\"color: #ff6600;\"><strong>Adaptabilidad y comodidad con nuestros coches VTC en Almer\u00eda<\/strong><\/span><\/h2>\n<p>[\/et_pb_text][et_pb_text _builder_version=\u00bb4.24.2&#8243; _module_preset=\u00bbdefault\u00bb text_font=\u00bbRajdhani||||||||\u00bb text_font_size=\u00bb18px\u00bb text_line_height=\u00bb1.4em\u00bb text_orientation=\u00bbjustified\u00bb hover_enabled=\u00bb0&#8243; global_colors_info=\u00bb{}\u00bb sticky_enabled=\u00bb0&#8243; locked=\u00bboff\u00bb]<\/p>\n<p>Nuestro <strong>servicio de VTC en Almer\u00eda<\/strong> no s\u00f3lo se centra en la comodidad y la eficiencia, sino que tambi\u00e9n est\u00e1 dise\u00f1ado para ser vers\u00e1til y ajustarse a las distintas demandas de nuestros clientes. Tanto si necesitas un <a href=\"https:\/\/transferalmeria.com\/congresos-y-ferias-2\/\">traslado r\u00e1pido y fiable para tus compromisos laborales<\/a>, una soluci\u00f3n elegante para tus eventos corporativos, o un transporte seguro y c\u00f3modo para tus excursiones tur\u00edsticas, estamos aqu\u00ed para ayudarte.<\/p>\n<p>Todos nuestros coches VTC en Almer\u00eda est\u00e1n <strong>equipados con la \u00faltima tecnolog\u00eda y todas las comodidades necesarias<\/strong> para hacer de tu viaje una experiencia placentera. <a href=\"https:\/\/transferalmeria.com\/flota-servicio-de-transporte\/\"><strong>Contamos con una flota moderna<\/strong><\/a> que incluye veh\u00edculos de lujo, ideales para cualquier ocasi\u00f3n. Y todos<strong> nuestros conductores son profesionales y multiling\u00fces<\/strong>, para que te sientas c\u00f3modo y seguro en todo momento.<\/p>\n<p>Cada cliente es \u00fanico y tiene necesidades espec\u00edficas. Por eso, nuestro servicio es completamente flexible. Desde traslados a congresos y eventos, hasta tours personalizados por la ciudad, nos adaptamos a cualquier requerimiento. Con nuestro servicio VTC en Almer\u00eda, <strong>puedes elegir libremente tu punto de partida y destino, mientras disfrutas de la tranquilidad de un transporte privado y exclusivo.<\/strong><\/p>\n<p>&nbsp;<\/p>\n<p>&nbsp;<\/p>\n<p>[\/et_pb_text][\/et_pb_column][\/et_pb_row][et_pb_row column_structure=\u00bb3_5,2_5&#8243; _builder_version=\u00bb4.24.2&#8243; _module_preset=\u00bbdefault\u00bb global_colors_info=\u00bb{}\u00bb locked=\u00bboff\u00bb][et_pb_column type=\u00bb3_5&#8243; _builder_version=\u00bb4.24.2&#8243; _module_preset=\u00bbdefault\u00bb global_colors_info=\u00bb{}\u00bb][et_pb_text _builder_version=\u00bb4.24.2&#8243; text_font=\u00bbRajdhani|800|||||||\u00bb text_text_color=\u00bb#E09900&#8243; text_font_size=\u00bb35px\u00bb text_line_height=\u00bb1.2em\u00bb custom_margin=\u00bb-16px|||\u00bb custom_padding=\u00bb|||\u00bb hover_enabled=\u00bb0&#8243; text_line_height_tablet=\u00bb\u00bb text_line_height_phone=\u00bb1.2em\u00bb text_line_height_last_edited=\u00bbon|phone\u00bb global_colors_info=\u00bb{}\u00bb locked=\u00bboff\u00bb sticky_enabled=\u00bb0&#8243;]<\/p>\n<h2><span style=\"color: #ff6600;\"><strong>Nuestra flota de coches con conductor en Almer\u00eda<\/strong><\/span><\/h2>\n<p>[\/et_pb_text][et_pb_text _builder_version=\u00bb4.24.2&#8243; _module_preset=\u00bbdefault\u00bb text_font=\u00bbRajdhani||||||||\u00bb text_font_size=\u00bb18px\u00bb text_line_height=\u00bb1.4em\u00bb text_orientation=\u00bbjustified\u00bb hover_enabled=\u00bb0&#8243; global_colors_info=\u00bb{}\u00bb sticky_enabled=\u00bb0&#8243;]<\/p>\n<p><span style=\"font-weight: 400;\">La <strong>variedad en nuestra flota de veh\u00edculos VTC en Almer\u00eda<\/strong> nos permite adaptarnos a las diversas necesidades de nuestros clientes. Disponemos de veh\u00edculos de diferentes capacidades, desde coches sed\u00e1n elegantes para traslados individuales o en pareja, hasta veh\u00edculos de mayor tama\u00f1o ideales para grupos y familias. Cada opci\u00f3n est\u00e1 pensada para ofrecerte la <strong>m\u00e1xima comodidad y estilo, sin importar la ocasi\u00f3n<\/strong>.<\/span><\/p>\n<p><span style=\"font-weight: 400;\">Otro aspecto destacado de nuestro servicio es que todos nuestros veh\u00edculos VTC cuentan con<strong> licencia v\u00e1lida en toda Espa\u00f1a<\/strong>. Esto significa que puedes disfrutar de la misma calidad y confianza en cualquier parte del pa\u00eds. Ya sea que necesites un<strong> traslado dentro de Almer\u00eda, un viaje interurbano, o incluso un servicio para un evento en otra ciudad.<\/strong><\/span><\/p>\n<p><span style=\"font-weight: 400;\">La licencia VTC garantiza la legalidad y el cumplimiento de todas las normativas vigentes, y refleja nuestro compromiso con la calidad y la seguridad. Nos esforzamos en ofrecer una flota de veh\u00edculos VTC en Almer\u00eda que supera las expectativas de nuestros clientes en sus traslados de negocios, eventos especiales, o una excursi\u00f3n tur\u00edstica. <\/span><\/p>\n<p><strong>Conf\u00eda en nosotros para tus necesidades de transporte y descubre la diferencia que hace viajar con Transfer Almer\u00eda.<\/strong><\/p>\n<p>&nbsp;<\/p>\n<p>[\/et_pb_text][\/et_pb_column][et_pb_column type=\u00bb2_5&#8243; _builder_version=\u00bb4.24.2&#8243; _module_preset=\u00bbdefault\u00bb global_colors_info=\u00bb{}\u00bb][et_pb_image src=\u00bbhttps:\/\/transferalmeria.com\/wp-content\/uploads\/2024\/03\/vtc.jpg\u00bb title_text=\u00bbvtc\u00bb _builder_version=\u00bb4.24.2&#8243; _module_preset=\u00bbdefault\u00bb hover_enabled=\u00bb0&#8243; global_colors_info=\u00bb{}\u00bb sticky_enabled=\u00bb0&#8243;][\/et_pb_image][\/et_pb_column][\/et_pb_row][et_pb_row _builder_version=\u00bb4.24.2&#8243; _module_preset=\u00bbdefault\u00bb locked=\u00bboff\u00bb][et_pb_column _builder_version=\u00bb4.24.2&#8243; _module_preset=\u00bbdefault\u00bb type=\u00bb4_4&#8243;][et_pb_text _builder_version=\u00bb4.24.2&#8243; text_font=\u00bbRajdhani|800|||||||\u00bb text_text_color=\u00bb#E09900&#8243; text_font_size=\u00bb35px\u00bb text_line_height=\u00bb1.2em\u00bb custom_margin=\u00bb38px|||||\u00bb custom_padding=\u00bb|||\u00bb hover_enabled=\u00bb0&#8243; text_line_height_tablet=\u00bb\u00bb text_line_height_phone=\u00bb1.2em\u00bb text_line_height_last_edited=\u00bbon|phone\u00bb global_colors_info=\u00bb{}\u00bb locked=\u00bboff\u00bb sticky_enabled=\u00bb0&#8243;]<\/p>\n<h2><span style=\"color: #ff6600;\"><strong>Nuestro compromiso con tu confianza<\/strong><\/span> <\/h2>\n<p>[\/et_pb_text][et_pb_text _builder_version=\u00bb4.24.2&#8243; _module_preset=\u00bbdefault\u00bb text_font=\u00bbRajdhani||||||||\u00bb text_font_size=\u00bb18px\u00bb text_line_height=\u00bb1.4em\u00bb text_orientation=\u00bbjustified\u00bb hover_enabled=\u00bb0&#8243; global_colors_info=\u00bb{}\u00bb sticky_enabled=\u00bb0&#8243; locked=\u00bboff\u00bb]<\/p>\n<p>La satisfacci\u00f3n del cliente es nuestra m\u00e1xima prioridad, y podemos decir orgullosos que <strong>hemos logrado ganar la confianza y lealtad de miles de usuarios a lo largo de los a\u00f1os<\/strong>. Nuestro servicio de VTC en Almer\u00eda se distingue, adem\u00e1s de por la calidad de nuestros veh\u00edculos y conductores, por el <strong>firme compromiso que tenemos con la comodidad y seguridad<\/strong> de cada pasajero.<\/p>\n<p>La reputaci\u00f3n que hemos construido se basa en la excelencia de nuestro servicio. Atendemos a viajeros de negocios, turistas, y residentes locales que requieren un transporte fiable y c\u00f3modo. Y <strong>cada viaje es una oportunidad para demostrar nuestro compromiso<\/strong> con la calidad, y trabajamos incansablemente para asegurar que cada cliente se sienta valorado y bien atendido.<\/p>\n<p>Para garantizar la seguridad, <strong>toda la flota de veh\u00edculos VTC en Almer\u00eda que ofrecemos est\u00e1 equipada con las \u00faltimas tecnolog\u00edas<\/strong> en seguridad y confort. Y nuestros coches pasan por rigurosos controles de calidad y mantenimiento de forma regular para asegurar que siempre est\u00e9n en \u00f3ptimas condiciones.<\/p>\n<p>Esta confianza que nuestros clientes depositan en nosotros se refleja en las numerosas rese\u00f1as y testimonios positivos que recibimos. Donde muchos de nuestros usuarios destacan la puntualidad, profesionalidad y amabilidad de nuestros conductores, as\u00ed como la comodidad y limpieza de nuestros veh\u00edculos. Esta retroalimentaci\u00f3n nos motiva a mantener nuestros altos est\u00e1ndares, y nos permite mejorar continuamente nuestros servicios.<\/p>\n<p>&nbsp;<\/p>\n<p>[\/et_pb_text][\/et_pb_column][\/et_pb_row][et_pb_row _builder_version=\u00bb4.24.2&#8243; _module_preset=\u00bbdefault\u00bb column_structure=\u00bb1_3,2_3&#8243;][et_pb_column _builder_version=\u00bb4.24.2&#8243; _module_preset=\u00bbdefault\u00bb type=\u00bb1_3&#8243;][et_pb_image src=\u00bbhttps:\/\/transferalmeria.com\/wp-content\/uploads\/2024\/03\/tr-46.jpg\u00bb _builder_version=\u00bb4.24.2&#8243; _module_preset=\u00bbdefault\u00bb title_text=\u00bbtr-46&#8243; hover_enabled=\u00bb0&#8243; sticky_enabled=\u00bb0&#8243;][\/et_pb_image][\/et_pb_column][et_pb_column _builder_version=\u00bb4.24.2&#8243; _module_preset=\u00bbdefault\u00bb type=\u00bb2_3&#8243;][et_pb_text _builder_version=\u00bb4.24.2&#8243; text_font=\u00bbRajdhani|800|||||||\u00bb text_text_color=\u00bb#E09900&#8243; text_font_size=\u00bb35px\u00bb text_line_height=\u00bb1.2em\u00bb custom_margin=\u00bb9px|||||\u00bb custom_padding=\u00bb|||\u00bb hover_enabled=\u00bb0&#8243; text_line_height_tablet=\u00bb\u00bb text_line_height_phone=\u00bb1.2em\u00bb text_line_height_last_edited=\u00bbon|phone\u00bb global_colors_info=\u00bb{}\u00bb locked=\u00bboff\u00bb sticky_enabled=\u00bb0&#8243;]<\/p>\n<h2><span style=\"color: #ff6600;\"><strong>Descubre la experiencia de viajar con veh\u00edculos VTC en Almer\u00eda<\/strong><\/span><\/h2>\n<p>[\/et_pb_text][et_pb_text _builder_version=\u00bb4.24.2&#8243; _module_preset=\u00bbdefault\u00bb text_font=\u00bbRajdhani||||||||\u00bb text_font_size=\u00bb18px\u00bb text_line_height=\u00bb1.4em\u00bb text_orientation=\u00bbjustified\u00bb hover_enabled=\u00bb0&#8243; global_colors_info=\u00bb{}\u00bb sticky_enabled=\u00bb0&#8243; locked=\u00bboff\u00bb]<\/p>\n<p><span style=\"font-weight: 400;\">Con nosotros, <strong>cada trayecto se convierte en una oportunidad<\/strong> para disfrutar de la comodidad, seguridad y estilo que solo un servicio de alta calidad puede ofrecer. Al optar por <strong>nuestro servicio de veh\u00edculos VTC en Almer\u00eda<\/strong> est\u00e1s eligiendo un transporte que se adapta a tus preferencias en coches equipados con la m\u00e1s avanzada tecnolog\u00eda y todas las comodidades necesarias para asegurar un viaje placentero y sin contratiempos.<\/span><\/p>\n<p>[\/et_pb_text][\/et_pb_column][\/et_pb_row][\/et_pb_section]<\/p>\n","protected":false},"excerpt":{"rendered":"<p>Servicio VTC en Almer\u00eda &#8211; Transfer Almer\u00edaBienvenidos a nuestro servicio de VTC en Almer\u00eda, donde la comodidad y la calidad del transporte se encuentran en perfecta armon\u00eda. Servicio de coches VTC en Almer\u00eda con conductor Nuestro servicio de veh\u00edculos con conductor est\u00e1 pensado para satisfacer las necesidades tanto de residentes como de visitantes de la [&hellip;]<\/p>\n","protected":false},"author":2,"featured_media":0,"parent":0,"menu_order":0,"comment_status":"closed","ping_status":"closed","template":"","meta":{"_et_pb_use_builder":"on","_et_pb_old_content":"","_et_gb_content_width":"","om_disable_all_campaigns":false,"_monsterinsights_skip_tracking":false,"_monsterinsights_sitenote_active":false,"_monsterinsights_sitenote_note":"","_monsterinsights_sitenote_category":0,"_uf_show_specific_survey":0,"_uf_disable_surveys":false,"footnotes":""},"class_list":["post-152","page","type-page","status-publish","hentry"],"aioseo_notices":[],"_links":{"self":[{"href":"https:\/\/transferalmeria.com\/en\/wp-json\/wp\/v2\/pages\/152","targetHints":{"allow":["GET"]}}],"collection":[{"href":"https:\/\/transferalmeria.com\/en\/wp-json\/wp\/v2\/pages"}],"about":[{"href":"https:\/\/transferalmeria.com\/en\/wp-json\/wp\/v2\/types\/page"}],"author":[{"embeddable":true,"href":"https:\/\/transferalmeria.com\/en\/wp-json\/wp\/v2\/users\/2"}],"replies":[{"embeddable":true,"href":"https:\/\/transferalmeria.com\/en\/wp-json\/wp\/v2\/comments?post=152"}],"version-history":[{"count":7,"href":"https:\/\/transferalmeria.com\/en\/wp-json\/wp\/v2\/pages\/152\/revisions"}],"predecessor-version":[{"id":412,"href":"https:\/\/transferalmeria.com\/en\/wp-json\/wp\/v2\/pages\/152\/revisions\/412"}],"wp:attachment":[{"href":"https:\/\/transferalmeria.com\/en\/wp-json\/wp\/v2\/media?parent=152"}],"curies":[{"name":"wp","href":"https:\/\/api.w.org\/{rel}","templated":true}]}}