{"id":160,"date":"2024-03-06T14:03:41","date_gmt":"2024-03-06T14:03:41","guid":{"rendered":"http:\/\/transferalmeria.com\/?page_id=160"},"modified":"2025-08-11T18:15:17","modified_gmt":"2025-08-11T18:15:17","slug":"transfer-almeria-empresa","status":"publish","type":"page","link":"https:\/\/transferalmeria.com\/en\/transfer-almeria-empresa\/","title":{"rendered":"transfer almeria empresa"},"content":{"rendered":"<p>[et_pb_section fb_built=\u00bb1&#8243; _builder_version=\u00bb4.24.2&#8243; _module_preset=\u00bbdefault\u00bb background_color=\u00bb#28347d\u00bb background_image=\u00bbhttps:\/\/transferalmeria.com\/wp-content\/uploads\/2024\/03\/hands-steering-wheel-beautiful-businesswoman-trying-her-new-car-automobile-salon-scaled.jpg\u00bb background_position=\u00bbcenter_right\u00bb background_blend=\u00bbsoft-light\u00bb height=\u00bb350px\u00bb border_width_bottom=\u00bb5px\u00bb border_color_bottom=\u00bb#E09900&#8243; global_colors_info=\u00bb{}\u00bb][et_pb_row column_structure=\u00bb1_2,1_2&#8243; use_custom_gutter=\u00bbon\u00bb make_equal=\u00bbon\u00bb _builder_version=\u00bb4.24.2&#8243; _module_preset=\u00bbdefault\u00bb global_colors_info=\u00bb{}\u00bb][et_pb_column type=\u00bb1_2&#8243; _builder_version=\u00bb4.24.2&#8243; _module_preset=\u00bbdefault\u00bb custom_css_main_element=\u00bbmargin:auto\u00bb global_colors_info=\u00bb{}\u00bb][et_pb_text _builder_version=\u00bb4.24.2&#8243; _module_preset=\u00bbdefault\u00bb header_font=\u00bbRajdhani|700|||||||\u00bb header_text_color=\u00bb#FFFFFF\u00bb header_font_size=\u00bb35px\u00bb global_colors_info=\u00bb{}\u00bb]<\/p>\n<h1 class=\"entry-title\">Bienvenido a Transfer Almer\u00eda, tu empresa de transporte en Almer\u00eda<\/h1>\n<p>[\/et_pb_text][et_pb_text _builder_version=\u00bb4.24.2&#8243; _module_preset=\u00bbdefault\u00bb text_text_color=\u00bb#FFFFFF\u00bb text_font_size=\u00bb20px\u00bb text_line_height=\u00bb1.8em\u00bb header_font=\u00bbRajdhani|700|||||||\u00bb header_text_color=\u00bb#FFFFFF\u00bb header_font_size=\u00bb55px\u00bb header_line_height=\u00bb1.3em\u00bb custom_margin=\u00bb|-447px|-1px|||\u00bb custom_padding=\u00bb4px|||||\u00bb header_font_size_tablet=\u00bb55px\u00bb header_font_size_phone=\u00bb40px\u00bb header_font_size_last_edited=\u00bbon|phone\u00bb global_colors_info=\u00bb{}\u00bb]<\/p>\n<p><span style=\"font-weight: 400;\">Somos una empresa de transporte en Almer\u00eda dedicada a ofrecer servicios de alta calidad y una experiencia de viaje inigualable. La mejor empresa de traslados en Almer\u00eda a tu servicio.<\/span><\/p>\n<p>[\/et_pb_text][et_pb_button button_text=\u00bbReserva online\u00bb button_alignment=\u00bbleft\u00bb _builder_version=\u00bb4.24.2&#8243; _module_preset=\u00bbdefault\u00bb custom_button=\u00bbon\u00bb button_text_color=\u00bb#28347D\u00bb button_bg_color=\u00bb#E09900&#8243; button_border_width=\u00bb0px\u00bb button_border_color=\u00bb#E09900&#8243; button_font=\u00bbRajdhani||||||||\u00bb button_icon=\u00bb&#xf1b9;||fa||900&#8243; custom_padding=\u00bb||6px|||\u00bb global_module=\u00bb84&#8243; saved_tabs=\u00bball\u00bb global_colors_info=\u00bb{}\u00bb][\/et_pb_button][\/et_pb_column][et_pb_column type=\u00bb1_2&#8243; _builder_version=\u00bb4.24.2&#8243; _module_preset=\u00bbdefault\u00bb global_colors_info=\u00bb{}\u00bb][\/et_pb_column][\/et_pb_row][\/et_pb_section][et_pb_section fb_built=\u00bb1&#8243; _builder_version=\u00bb4.24.2&#8243; _module_preset=\u00bbdefault\u00bb custom_padding=\u00bb40px|||||\u00bb global_colors_info=\u00bb{}\u00bb][et_pb_row column_structure=\u00bb3_5,2_5&#8243; _builder_version=\u00bb4.24.2&#8243; _module_preset=\u00bbdefault\u00bb custom_padding=\u00bb||96px|||\u00bb global_colors_info=\u00bb{}\u00bb][et_pb_column type=\u00bb3_5&#8243; _builder_version=\u00bb4.24.2&#8243; _module_preset=\u00bbdefault\u00bb global_colors_info=\u00bb{}\u00bb][et_pb_text _builder_version=\u00bb4.24.2&#8243; _module_preset=\u00bbdefault\u00bb text_font=\u00bbRajdhani|800|||||||\u00bb text_text_color=\u00bb#E09900&#8243; text_font_size=\u00bb35px\u00bb text_line_height=\u00bb1.2em\u00bb custom_margin=\u00bb-16px|||\u00bb custom_padding=\u00bb|||\u00bb text_line_height_tablet=\u00bb1.2em\u00bb text_line_height_phone=\u00bb1.2em\u00bb text_line_height_last_edited=\u00bbon|phone\u00bb global_colors_info=\u00bb{}\u00bb]<\/p>\n<h2><span style=\"color: #000080;\"><b>Toma asiento, rel\u00e1jate y disfruta de la mejor empresa de transporte en Almer\u00eda<\/b><\/span><\/h2>\n<p>[\/et_pb_text][et_pb_text _builder_version=\u00bb4.24.2&#8243; _module_preset=\u00bbdefault\u00bb text_font=\u00bbRajdhani||||||||\u00bb text_text_color=\u00bb#000000&#8243; text_font_size=\u00bb18px\u00bb text_line_height=\u00bb1.4em\u00bb custom_margin=\u00bb-6px|||\u00bb custom_padding=\u00bb|||\u00bb global_colors_info=\u00bb{}\u00bb]<\/p>\n<p><span style=\"font-weight: 400;\">Con m\u00e1s de 20 a\u00f1os de trayectoria, <strong>nos hemos consolidado como referentes en transportes en Almer\u00eda<\/strong>, combinando innovaci\u00f3n, comodidad y un enfoque centrado en la satisfacci\u00f3n del cliente. Nuestro compromiso es brindar un servicio seguro, puntual y adaptado a las necesidades de cada pasajero, garantizando siempre la m\u00e1xima calidad en cada traslado.<\/span><\/p>\n<p><b><\/b><\/p>\n<p><b>\u00a1Ven a conocernos y descubre por qu\u00e9 somos la elecci\u00f3n preferida de nuestros clientes!<\/b><\/p>\n<p>[\/et_pb_text][\/et_pb_column][et_pb_column type=\u00bb2_5&#8243; _builder_version=\u00bb4.24.2&#8243; _module_preset=\u00bbdefault\u00bb global_colors_info=\u00bb{}\u00bb][et_pb_image src=\u00bbhttps:\/\/transferalmeria.com\/wp-content\/uploads\/2024\/03\/elegant-uber-driver-giving-taxi-ride.jpg\u00bb title_text=\u00bbAuto elegante traslados\u00bb _builder_version=\u00bb4.24.2&#8243; _module_preset=\u00bbdefault\u00bb custom_margin=\u00bb||-59px|||\u00bb border_color_right=\u00bb#0C71C3&#8243; border_width_left=\u00bb5px\u00bb border_color_left=\u00bb#0C71C3&#8243; global_colors_info=\u00bb{}\u00bb][\/et_pb_image][\/et_pb_column][\/et_pb_row][et_pb_row column_structure=\u00bb1_4,1_4,1_4,1_4&#8243; use_custom_gutter=\u00bbon\u00bb gutter_width=\u00bb1&#8243; make_equal=\u00bbon\u00bb module_class=\u00bb et_pb_row_fullwidth\u00bb _builder_version=\u00bb4.24.2&#8243; width=\u00bb100%\u00bb width_tablet=\u00bb100%\u00bb width_phone=\u00bb100%\u00bb width_last_edited=\u00bbon|desktop\u00bb max_width=\u00bb100%\u00bb max_width_tablet=\u00bb100%\u00bb max_width_phone=\u00bb100%\u00bb max_width_last_edited=\u00bbon|desktop\u00bb custom_padding=\u00bb0px||79px||false|false\u00bb animation_style=\u00bbslide\u00bb animation_direction=\u00bbbottom\u00bb animation_delay=\u00bb500ms\u00bb make_fullwidth=\u00bbon\u00bb locked=\u00bboff\u00bb global_colors_info=\u00bb{}\u00bb][et_pb_column type=\u00bb1_4&#8243; _builder_version=\u00bb4.24.2&#8243; background_image=\u00bbhttps:\/\/transferalmeria.com\/wp-content\/uploads\/2024\/03\/PMR.jpg\u00bb parallax=\u00bbon\u00bb custom_padding=\u00bb|||\u00bb global_colors_info=\u00bb{}\u00bb custom_padding__hover=\u00bb|||\u00bb][et_pb_blurb title=\u00bbNuestra historia\u00bb url=\u00bb@ET-DC@eyJkeW5hbWljIjp0cnVlLCJjb250ZW50IjoicG9zdF9saW5rX3VybF9wYWdlIiwic2V0dGluZ3MiOnsicG9zdF9pZCI6Ijc5In19@\u00bb _builder_version=\u00bb4.24.2&#8243; _dynamic_attributes=\u00bburl\u00bb header_font=\u00bbRajdhani|700|||||||\u00bb header_text_align=\u00bbcenter\u00bb header_text_color=\u00bb#ffffff\u00bb header_font_size=\u00bb30px\u00bb header_line_height=\u00bb1.3em\u00bb body_font=\u00bbRajdhani|500|||||||\u00bb body_text_align=\u00bbcenter\u00bb body_text_color=\u00bb#FFFFFF\u00bb body_font_size=\u00bb20px\u00bb body_line_height=\u00bb1.4em\u00bb background_color=\u00bb#28347D\u00bb use_background_color_gradient=\u00bbon\u00bb background_color_gradient_direction=\u00bb360deg\u00bb background_color_gradient_stops=\u00bbrgba(40,52,125,0.89) 2%|rgba(40,52,125,0.39) 99%\u00bb background_color_gradient_overlays_image=\u00bbon\u00bb background_color_gradient_start=\u00bbrgba(0,0,0,0.82)\u00bb background_color_gradient_end=\u00bbrgba(0,0,0,0.06)\u00bb background_image=\u00bbhttps:\/\/transferalmeria.com\/wp-content\/uploads\/2024\/03\/convenciones.jpg\u00bb height=\u00bb100%\u00bb custom_padding=\u00bb316px||316px||true\u00bb custom_padding_tablet=\u00bb\u00bb custom_padding_phone=\u00bb147px||147px||true\u00bb custom_padding_last_edited=\u00bbon|phone\u00bb border_width_right=\u00bb10px\u00bb border_color_right=\u00bb#ffffff\u00bb global_colors_info=\u00bb{}\u00bb background__hover_enabled=\u00bbon|hover\u00bb background_color__hover=\u00bbrgba(40,52,125,0.87)\u00bb body_text_color__hover_enabled=\u00bbon|desktop\u00bb body_text_color__hover=\u00bb#FFFFFF\u00bb header_text_color__hover_enabled=\u00bbon|hover\u00bb header_text_color__hover=\u00bb#FFFFFF\u00bb header_letter_spacing__hover_enabled=\u00bbon|hover\u00bb header_letter_spacing__hover=\u00bb1px\u00bb background_enable_color__hover=\u00bbon\u00bb use_background_color_gradient__hover=\u00bboff\u00bb background_color_gradient_overlays_image__hover=\u00bbon\u00bb]<\/p>\n<p><span style=\"font-weight: 400;\">Desde nuestros humildes comienzos, Transfer Almer\u00eda SL ha crecido y evolucionado, siempre con el objetivo de ofrecer el mejor servicio de transporte en Almer\u00eda. Fundada con la visi\u00f3n de revolucionar la experiencia de viaje en la regi\u00f3n, hemos ampliado nuestra flota y mejorado constantemente nuestros procesos para asegurar la satisfacci\u00f3n de nuestros clientes. Nuestro compromiso con la excelencia y la innovaci\u00f3n nos ha permitido mantenernos a la vanguardia en el sector de los transportes en Almer\u00eda.<\/span><\/p>\n<p>[\/et_pb_blurb][\/et_pb_column][et_pb_column type=\u00bb1_4&#8243; _builder_version=\u00bb4.24.2&#8243; background_image=\u00bbhttps:\/\/transferalmeria.com\/wp-content\/uploads\/2024\/03\/excursiones.jpg\u00bb parallax=\u00bbon\u00bb custom_padding=\u00bb|||\u00bb global_colors_info=\u00bb{}\u00bb custom_padding__hover=\u00bb|||\u00bb][et_pb_blurb title=\u00bbNuestros servicios\u00bb url=\u00bb@ET-DC@eyJkeW5hbWljIjp0cnVlLCJjb250ZW50IjoicG9zdF9saW5rX3VybF9wYWdlIiwic2V0dGluZ3MiOnsicG9zdF9pZCI6Ijk1In19@\u00bb _builder_version=\u00bb4.24.2&#8243; _dynamic_attributes=\u00bburl\u00bb header_font=\u00bbRajdhani|700|||||||\u00bb header_text_align=\u00bbcenter\u00bb header_text_color=\u00bb#ffffff\u00bb header_font_size=\u00bb30px\u00bb header_line_height=\u00bb1.3em\u00bb body_font=\u00bbRajdhani|500|||||||\u00bb body_text_align=\u00bbcenter\u00bb body_text_color=\u00bb#FFFFFF\u00bb body_font_size=\u00bb20px\u00bb body_line_height=\u00bb1.4em\u00bb use_background_color_gradient=\u00bbon\u00bb background_color_gradient_direction=\u00bb360deg\u00bb background_color_gradient_stops=\u00bbrgba(40,52,125,0.89) 2%|rgba(40,52,125,0.39) 99%\u00bb background_color_gradient_overlays_image=\u00bbon\u00bb background_color_gradient_start=\u00bbrgba(0,0,0,0.82)\u00bb background_color_gradient_end=\u00bbrgba(0,0,0,0.06)\u00bb background_enable_image=\u00bboff\u00bb background_size=\u00bbinitial\u00bb height=\u00bb100%\u00bb custom_padding=\u00bb316px||316px||true\u00bb custom_padding_tablet=\u00bb\u00bb custom_padding_phone=\u00bb147px||147px||true\u00bb custom_padding_last_edited=\u00bbon|phone\u00bb border_width_right=\u00bb10px\u00bb border_color_right=\u00bb#ffffff\u00bb global_colors_info=\u00bb{}\u00bb background_color__hover=\u00bbrgba(40,52,125,0.87)\u00bb header_text_color__hover=\u00bb#FFFFFF\u00bb header_text_color__hover_enabled=\u00bbon|hover\u00bb header_letter_spacing__hover=\u00bb1px\u00bb header_letter_spacing__hover_enabled=\u00bbon|hover\u00bb body_text_color__hover=\u00bb#FFFFFF\u00bb body_text_color__hover_enabled=\u00bbon|desktop\u00bb background__hover_enabled=\u00bbon|desktop\u00bb background_enable_color__hover=\u00bbon\u00bb use_background_color_gradient__hover=\u00bboff\u00bb background_color_gradient_overlays_image__hover=\u00bbon\u00bb]<\/p>\n<p><span style=\"font-weight: 400;\">En Transfer Almer\u00eda\u00a0 ofrecemos una amplia gama de servicios para satisfacer <span style=\"color: #ff6600;\"><a href=\"https:\/\/transferalmeria.com\/transfer-al-aeropuerto\/\" style=\"color: #ff6600;\">todas las necesidades de transporte en Almer\u00eda<\/a><\/span>. Desde traslados de pasajeros hasta eventos especiales, nuestra empresa de transporte en Almer\u00eda est\u00e1 equipada para manejar cualquier solicitud con profesionalismo y dedicaci\u00f3n. Ya sea que necesites un transporte de lujo para una ocasi\u00f3n especial o un traslado eficiente y c\u00f3modo para tus desplazamientos diarios, estamos aqu\u00ed para ayudarte con servicios que cubren tus expectativas.<\/span><\/p>\n<p>[\/et_pb_blurb][\/et_pb_column][et_pb_column type=\u00bb1_4&#8243; _builder_version=\u00bb4.24.2&#8243; background_image=\u00bbhttps:\/\/transferalmeria.com\/wp-content\/uploads\/2024\/03\/bodas.jpg\u00bb parallax=\u00bbon\u00bb custom_padding=\u00bb|||\u00bb global_colors_info=\u00bb{}\u00bb custom_padding__hover=\u00bb|||\u00bb][et_pb_blurb title=\u00bbNuestra flota\u00bb url=\u00bb@ET-DC@eyJkeW5hbWljIjp0cnVlLCJjb250ZW50IjoicG9zdF9saW5rX3VybF9wYWdlIiwic2V0dGluZ3MiOnsicG9zdF9pZCI6IjEzOCJ9fQ==@\u00bb _builder_version=\u00bb4.24.2&#8243; _dynamic_attributes=\u00bburl\u00bb header_font=\u00bbRajdhani|700|||||||\u00bb header_text_align=\u00bbcenter\u00bb header_text_color=\u00bb#ffffff\u00bb header_font_size=\u00bb30px\u00bb header_line_height=\u00bb1.3em\u00bb body_font=\u00bbRajdhani|500|||||||\u00bb body_text_align=\u00bbcenter\u00bb body_text_color=\u00bb#FFFFFF\u00bb body_font_size=\u00bb20px\u00bb body_line_height=\u00bb1.4em\u00bb use_background_color_gradient=\u00bbon\u00bb background_color_gradient_direction=\u00bb360deg\u00bb background_color_gradient_stops=\u00bbrgba(40,52,125,0.89) 2%|rgba(40,52,125,0.39) 99%\u00bb background_color_gradient_overlays_image=\u00bbon\u00bb background_color_gradient_start=\u00bbrgba(0,0,0,0.82)\u00bb background_color_gradient_end=\u00bbrgba(0,0,0,0.06)\u00bb background_image=\u00bbhttps:\/\/transferalmeria.com\/wp-content\/uploads\/2024\/03\/alta-gama.jpg\u00bb height=\u00bb100%\u00bb custom_padding=\u00bb316px||316px||true\u00bb custom_padding_tablet=\u00bb\u00bb custom_padding_phone=\u00bb147px||147px||true\u00bb custom_padding_last_edited=\u00bbon|phone\u00bb border_width_right=\u00bb10px\u00bb border_color_right=\u00bb#ffffff\u00bb global_colors_info=\u00bb{}\u00bb background_color__hover=\u00bbrgba(40,52,125,0.87)\u00bb header_text_color__hover=\u00bb#FFFFFF\u00bb header_text_color__hover_enabled=\u00bbon|hover\u00bb header_letter_spacing__hover=\u00bb1px\u00bb header_letter_spacing__hover_enabled=\u00bbon|hover\u00bb body_text_color__hover=\u00bb#FFFFFF\u00bb body_text_color__hover_enabled=\u00bbon|desktop\u00bb background__hover_enabled=\u00bbon|desktop\u00bb background_enable_color__hover=\u00bbon\u00bb use_background_color_gradient__hover=\u00bboff\u00bb background_color_gradient_overlays_image__hover=\u00bbon\u00bb]<\/p>\n<p><span style=\"font-weight: 400;\">Nuestra <span style=\"color: #ff6600;\"><a href=\"https:\/\/transferalmeria.com\/flota-servicio-de-transporte\/%20\" style=\"color: #ff6600;\">diversa flota de veh\u00edculos<\/a><\/span> est\u00e1 dise\u00f1ada para ofrecer comodidad, seguridad y eficiencia en cada viaje. Como empresa de transporte de pasajeros en Almer\u00eda, contamos con veh\u00edculos modernos y bien mantenidos, capaces de satisfacer las necesidades de grupos grandes y peque\u00f1os. Cada veh\u00edculo en nuestra flota es operado por conductores profesionales y capacitados, comprometidos con brindar una experiencia de viaje segura y agradable.<\/span><\/p>\n<p>[\/et_pb_blurb][\/et_pb_column][et_pb_column type=\u00bb1_4&#8243; _builder_version=\u00bb4.24.2&#8243; background_image=\u00bbhttps:\/\/transferalmeria.com\/wp-content\/uploads\/2024\/03\/congresos.jpg\u00bb parallax=\u00bbon\u00bb custom_padding=\u00bb|||\u00bb global_colors_info=\u00bb{}\u00bb custom_padding__hover=\u00bb|||\u00bb][et_pb_blurb title=\u00bbNuestro equipo humano\u00bb url=\u00bb@ET-DC@eyJkeW5hbWljIjp0cnVlLCJjb250ZW50IjoicG9zdF9saW5rX3VybF9wYWdlIiwic2V0dGluZ3MiOnsicG9zdF9pZCI6IjEwOCJ9fQ==@\u00bb _builder_version=\u00bb4.24.2&#8243; _dynamic_attributes=\u00bburl\u00bb header_font=\u00bbRajdhani|700|||||||\u00bb header_text_align=\u00bbcenter\u00bb header_text_color=\u00bb#ffffff\u00bb header_font_size=\u00bb30px\u00bb header_line_height=\u00bb1.3em\u00bb body_font=\u00bbRajdhani|500|||||||\u00bb body_text_align=\u00bbcenter\u00bb body_text_color=\u00bb#FFFFFF\u00bb body_font_size=\u00bb20px\u00bb body_line_height=\u00bb1.4em\u00bb use_background_color_gradient=\u00bbon\u00bb background_color_gradient_direction=\u00bb360deg\u00bb background_color_gradient_stops=\u00bbrgba(40,52,125,0.89) 2%|rgba(40,52,125,0.39) 99%\u00bb background_color_gradient_overlays_image=\u00bbon\u00bb background_color_gradient_start=\u00bbrgba(0,0,0,0.82)\u00bb background_color_gradient_end=\u00bbrgba(0,0,0,0.06)\u00bb height=\u00bb100%\u00bb custom_padding=\u00bb316px||316px||true\u00bb custom_padding_tablet=\u00bb\u00bb custom_padding_phone=\u00bb147px||147px||true\u00bb custom_padding_last_edited=\u00bbon|phone\u00bb border_width_right=\u00bb10px\u00bb border_color_right=\u00bb#ffffff\u00bb global_colors_info=\u00bb{}\u00bb background_color__hover=\u00bbrgba(40,52,125,0.87)\u00bb header_text_color__hover=\u00bb#FFFFFF\u00bb header_text_color__hover_enabled=\u00bbon|hover\u00bb header_letter_spacing__hover=\u00bb1px\u00bb header_letter_spacing__hover_enabled=\u00bbon|hover\u00bb body_text_color__hover=\u00bb#FFFFFF\u00bb body_text_color__hover_enabled=\u00bbon|desktop\u00bb background__hover_enabled=\u00bbon|desktop\u00bb background_enable_color__hover=\u00bbon\u00bb use_background_color_gradient__hover=\u00bboff\u00bb background_color_gradient_overlays_image__hover=\u00bbon\u00bb]<\/p>\n<p><span style=\"font-weight: 400;\">En Transfer Almer\u00eda nos enorgullece contar con un equipo de profesionales dedicados y apasionados por su trabajo. Nuestro personal est\u00e1 siempre dispuesto a ir m\u00e1s all\u00e1 para garantizar la satisfacci\u00f3n de nuestros clientes. Cada miembro del equipo comparte nuestro compromiso con la calidad y el servicio excepcional, haciendo de nuestra empresa de transporte en Almer\u00eda la opci\u00f3n preferida para muchos viajeros que llegan a esta incre\u00edble regi\u00f3n de Andaluc\u00eda.<\/span><\/p>\n<p>[\/et_pb_blurb][\/et_pb_column][\/et_pb_row][et_pb_row column_structure=\u00bb3_5,2_5&#8243; _builder_version=\u00bb4.24.2&#8243; _module_preset=\u00bbdefault\u00bb global_colors_info=\u00bb{}\u00bb][et_pb_column type=\u00bb3_5&#8243; _builder_version=\u00bb4.24.2&#8243; _module_preset=\u00bbdefault\u00bb global_colors_info=\u00bb{}\u00bb][et_pb_text _builder_version=\u00bb4.24.2&#8243; _module_preset=\u00bbdefault\u00bb text_font=\u00bbRajdhani|800|||||||\u00bb text_text_color=\u00bb#E09900&#8243; text_font_size=\u00bb35px\u00bb text_line_height=\u00bb1.2em\u00bb custom_margin=\u00bb-16px|||\u00bb custom_padding=\u00bb|||\u00bb text_line_height_tablet=\u00bb1.2em\u00bb text_line_height_phone=\u00bb1.2em\u00bb text_line_height_last_edited=\u00bbon|phone\u00bb locked=\u00bboff\u00bb global_colors_info=\u00bb{}\u00bb]<\/p>\n<h2><span style=\"color: #003366;\"><b>Testimonios y compromiso con la calidad y satisfacci\u00f3n del cliente<\/b><\/span><\/h2>\n<p>[\/et_pb_text][et_pb_text _builder_version=\u00bb4.24.2&#8243; text_font=\u00bbRajdhani||||||||\u00bb text_text_color=\u00bb#000000&#8243; text_font_size=\u00bb18px\u00bb text_line_height=\u00bb1.4em\u00bb custom_margin=\u00bb-6px|||\u00bb custom_padding=\u00bb|||\u00bb locked=\u00bboff\u00bb global_colors_info=\u00bb{}\u00bb]<\/p>\n<p><span style=\"font-weight: 400;\">La satisfacci\u00f3n de nuestros clientes es nuestra prioridad. En Transfer Almer\u00eda hemos recibido numerosos testimonios positivos que<strong> reflejan la calidad de nuestro servicio y la dedicaci\u00f3n de nuestro equipo<\/strong>. Nos esforzamos por superar las expectativas en cada viaje, y los comentarios de nuestros clientes son el testimonio de nuestro compromiso con la excelencia en el transporte en Almer\u00eda.<\/span><\/p>\n<p><span style=\"font-weight: 400;\"><strong>La calidad de nuestros servicios es fundamental para nosotros<\/strong>. Por lo que nos adherimos a los m\u00e1s altos est\u00e1ndares de la industria y estamos constantemente buscando maneras de mejorar nuestros servicios. Nuestro compromiso con la calidad nos ha permitido establecer una reputaci\u00f3n s\u00f3lida como la empresa de transporte en Almer\u00eda m\u00e1s confiable y eficiente. <\/span><\/p>\n<p><strong>Nos enorgullecemos de ofrecer un servicio que no solo cumple, sino que supera las expectativas de nuestros clientes.<\/strong><\/p>\n<p>[\/et_pb_text][\/et_pb_column][et_pb_column type=\u00bb2_5&#8243; _builder_version=\u00bb4.24.2&#8243; _module_preset=\u00bbdefault\u00bb global_colors_info=\u00bb{}\u00bb][et_pb_image src=\u00bbhttps:\/\/transferalmeria.com\/wp-content\/uploads\/2024\/03\/aeropuerto.jpg\u00bb title_text=\u00bbaeropuerto\u00bb _builder_version=\u00bb4.24.2&#8243; _module_preset=\u00bbdefault\u00bb global_colors_info=\u00bb{}\u00bb][\/et_pb_image][\/et_pb_column][\/et_pb_row][et_pb_row _builder_version=\u00bb4.24.2&#8243; _module_preset=\u00bbdefault\u00bb min_height=\u00bb27px\u00bb custom_margin=\u00bb67px|auto||auto||\u00bb global_colors_info=\u00bb{}\u00bb][et_pb_column type=\u00bb4_4&#8243; _builder_version=\u00bb4.24.2&#8243; _module_preset=\u00bbdefault\u00bb global_colors_info=\u00bb{}\u00bb][et_pb_text _builder_version=\u00bb4.24.2&#8243; _module_preset=\u00bbdefault\u00bb text_font=\u00bbRajdhani|800|||||||\u00bb text_text_color=\u00bb#E09900&#8243; text_font_size=\u00bb35px\u00bb text_line_height=\u00bb1.2em\u00bb custom_margin=\u00bb-16px|||\u00bb custom_padding=\u00bb|||\u00bb text_line_height_tablet=\u00bb1.2em\u00bb text_line_height_phone=\u00bb1.2em\u00bb text_line_height_last_edited=\u00bbon|phone\u00bb locked=\u00bboff\u00bb global_colors_info=\u00bb{}\u00bb]<\/p>\n<h2><span style=\"color: #000080;\"><strong>Descubre por qu\u00e9 somos la mejor empresa de transporte de pasajeros en Almer\u00eda<\/strong><\/span><\/h2>\n<p>[\/et_pb_text][et_pb_text _builder_version=\u00bb4.24.2&#8243; text_font=\u00bbRajdhani||||||||\u00bb text_text_color=\u00bb#000000&#8243; text_font_size=\u00bb18px\u00bb text_line_height=\u00bb1.4em\u00bb custom_margin=\u00bb-6px|||\u00bb custom_padding=\u00bb|||\u00bb locked=\u00bboff\u00bb global_colors_info=\u00bb{}\u00bb]<\/p>\n<p><span style=\"font-weight: 400;\">Te invitamos a descubrir<strong> la diferencia que marca Transfer Almer\u00eda en el sector del transporte de pasajeros en Almer\u00eda<\/strong>. Nuestro objetivo es proporcionar un servicio de transporte en Almer\u00eda que sea sin\u00f3nimo de calidad, seguridad y confort.\u00a0<\/span><\/p>\n<p><span style=\"font-weight: 400;\">Si buscas una empresa de transporte que ofrezca un servicio de calidad superior y atenci\u00f3n personalizada, no dudes en contactarnos. Estamos aqu\u00ed para responder a todas tus preguntas y <strong>ayudarte a planificar tu pr\u00f3ximo viaje con la seguridad y comodidad que mereces<\/strong>. Cont\u00e1ctanos hoy mismo y experimenta la excelencia en transporte.<\/span><\/p>\n<p><span style=\"font-weight: 400;\">En Transfer Almer\u00eda, estamos comprometidos a seguir creciendo y mejorando cada d\u00eda, y esperamos poder trabajar contigo para brindarte la mejor experiencia como empresa de traslados en Almer\u00eda.<\/span><\/p>\n<p>&nbsp;<\/p>\n<p><strong>\u00a1Ven a conocernos y descubre por qu\u00e9 somos la elecci\u00f3n preferida de nuestros clientes!<\/strong><\/p>\n<p>[\/et_pb_text][\/et_pb_column][\/et_pb_row][\/et_pb_section]<\/p>\n","protected":false},"excerpt":{"rendered":"<p>Bienvenido a Transfer Almer\u00eda, tu empresa de transporte en Almer\u00edaSomos una empresa de transporte en Almer\u00eda dedicada a ofrecer servicios de alta calidad y una experiencia de viaje inigualable. La mejor empresa de traslados en Almer\u00eda a tu servicio.Toma asiento, rel\u00e1jate y disfruta de la mejor empresa de transporte en Almer\u00edaCon m\u00e1s de 20 a\u00f1os [&hellip;]<\/p>\n","protected":false},"author":2,"featured_media":0,"parent":0,"menu_order":0,"comment_status":"closed","ping_status":"closed","template":"","meta":{"_et_pb_use_builder":"on","_et_pb_old_content":"","_et_gb_content_width":"","om_disable_all_campaigns":false,"_monsterinsights_skip_tracking":false,"_monsterinsights_sitenote_active":false,"_monsterinsights_sitenote_note":"","_monsterinsights_sitenote_category":0,"_uf_show_specific_survey":0,"_uf_disable_surveys":false,"footnotes":""},"class_list":["post-160","page","type-page","status-publish","hentry"],"aioseo_notices":[],"_links":{"self":[{"href":"https:\/\/transferalmeria.com\/en\/wp-json\/wp\/v2\/pages\/160","targetHints":{"allow":["GET"]}}],"collection":[{"href":"https:\/\/transferalmeria.com\/en\/wp-json\/wp\/v2\/pages"}],"about":[{"href":"https:\/\/transferalmeria.com\/en\/wp-json\/wp\/v2\/types\/page"}],"author":[{"embeddable":true,"href":"https:\/\/transferalmeria.com\/en\/wp-json\/wp\/v2\/users\/2"}],"replies":[{"embeddable":true,"href":"https:\/\/transferalmeria.com\/en\/wp-json\/wp\/v2\/comments?post=160"}],"version-history":[{"count":11,"href":"https:\/\/transferalmeria.com\/en\/wp-json\/wp\/v2\/pages\/160\/revisions"}],"predecessor-version":[{"id":509,"href":"https:\/\/transferalmeria.com\/en\/wp-json\/wp\/v2\/pages\/160\/revisions\/509"}],"wp:attachment":[{"href":"https:\/\/transferalmeria.com\/en\/wp-json\/wp\/v2\/media?parent=160"}],"curies":[{"name":"wp","href":"https:\/\/api.w.org\/{rel}","templated":true}]}}