{"id":342,"date":"2024-05-08T08:25:28","date_gmt":"2024-05-08T08:25:28","guid":{"rendered":"https:\/\/transferalmeria.com\/?page_id=342"},"modified":"2024-05-08T08:41:54","modified_gmt":"2024-05-08T08:41:54","slug":"politica-de-calidad-y-medio-ambiente","status":"publish","type":"page","link":"https:\/\/transferalmeria.com\/en\/politica-de-calidad-y-medio-ambiente\/","title":{"rendered":"POL\u00cdTICA DE CALIDAD Y MEDIO AMBIENTE"},"content":{"rendered":"<p>[et_pb_section fb_built=\u00bb1&#8243; _builder_version=\u00bb4.24.2&#8243; _module_preset=\u00bbdefault\u00bb global_colors_info=\u00bb{}\u00bb][et_pb_row _builder_version=\u00bb4.24.2&#8243; _module_preset=\u00bbdefault\u00bb global_colors_info=\u00bb{}\u00bb][et_pb_column type=\u00bb4_4&#8243; _builder_version=\u00bb4.24.2&#8243; _module_preset=\u00bbdefault\u00bb global_colors_info=\u00bb{}\u00bb][et_pb_text _builder_version=\u00bb4.24.2&#8243; _module_preset=\u00bbdefault\u00bb global_colors_info=\u00bb{}\u00bb]<\/p>\n<h2><strong>POL\u00cdTICA DE CALIDAD Y MEDIO AMBIENTE <\/strong><\/h2>\n<p><strong>GRUPO TRANSFER<\/strong><\/p>\n<p>En la vocaci\u00f3n de proporcionar a nuestros clientes un servicio competitivo y fiable, <strong>GRUPO TRANSFER<\/strong> establecen como pilares de la organizaci\u00f3n los siguientes puntos:<\/p>\n<ul>\n<li>Como objetivos generales las empresas buscan ser reconocidas por su amplia experiencia en el sector del transporte y respuesta r\u00e1pida al cliente, responsabilidad, constancia y seriedad.<\/li>\n<li>Compromiso de mejorar continuamente la eficacia del sistema integrado de la calidad asegurando la disponibilidad de los medios de transporte y cumplimiento de los tiempos establecidos. Esta mejora continua est\u00e1 enfocada a su vez en la mejora del desempe\u00f1o ambiental.<\/li>\n<li>Establecemos nuestro compromiso con la prevenci\u00f3n ambiental, optimizando el consumo y la generaci\u00f3n de residuos asociados al transporte, con el cumplimiento de los requisitos legales aplicables y con otros requisitos que la organizaci\u00f3n suscriba relacionados con sus aspectos ambientales.<\/li>\n<li>Asegurar la comunicaci\u00f3n de la pol\u00edtica a todos los empleados y a todas las personas que puedan trabajar en nuestro nombre con el prop\u00f3sito de que se entienda, se comprenda y sean conscientes de sus obligaciones individuales. De igual modo el sistema asegura la disposici\u00f3n de \u00e9ste a todas las partes interesadas. Adem\u00e1s, ser\u00e1 revisada peri\u00f3dicamente en la revisi\u00f3n del sistema<\/li>\n<\/ul>\n<p>Desde nuestra organizaci\u00f3n se tiene un objetivo com\u00fan, velar por los valores, creencias y normas que afectan a la mentalidad y el comportamiento hacia la cultura de seguridad del producto, y entre las medidas para conseguir esto, se incluye la comunicaci\u00f3n sobre las pol\u00edticas de seguridad del producto y responsabilidades, formaci\u00f3n, comentarios de los empleados sobre aspectos de seguridad del producto y medidas del rendimiento.<\/p>\n<p>&nbsp;<\/p>\n<p>Fecha: 08.01.2024<\/p>\n<p>Direcci\u00f3n<\/p>\n<p>Armando Fern\u00e1ndez<\/p>\n<p>[\/et_pb_text][\/et_pb_column][\/et_pb_row][\/et_pb_section]<\/p>\n","protected":false},"excerpt":{"rendered":"<p>POL\u00cdTICA DE CALIDAD Y MEDIO AMBIENTE GRUPO TRANSFER En la vocaci\u00f3n de proporcionar a nuestros clientes un servicio competitivo y fiable, GRUPO TRANSFER establecen como pilares de la organizaci\u00f3n los siguientes puntos: Como objetivos generales las empresas buscan ser reconocidas por su amplia experiencia en el sector del transporte y respuesta r\u00e1pida al cliente, responsabilidad, [&hellip;]<\/p>\n","protected":false},"author":1,"featured_media":0,"parent":0,"menu_order":0,"comment_status":"closed","ping_status":"closed","template":"","meta":{"_et_pb_use_builder":"on","_et_pb_old_content":"","_et_gb_content_width":"","om_disable_all_campaigns":false,"_monsterinsights_skip_tracking":false,"_monsterinsights_sitenote_active":false,"_monsterinsights_sitenote_note":"","_monsterinsights_sitenote_category":0,"_uf_show_specific_survey":0,"_uf_disable_surveys":false,"footnotes":""},"class_list":["post-342","page","type-page","status-publish","hentry"],"aioseo_notices":[],"_links":{"self":[{"href":"https:\/\/transferalmeria.com\/en\/wp-json\/wp\/v2\/pages\/342","targetHints":{"allow":["GET"]}}],"collection":[{"href":"https:\/\/transferalmeria.com\/en\/wp-json\/wp\/v2\/pages"}],"about":[{"href":"https:\/\/transferalmeria.com\/en\/wp-json\/wp\/v2\/types\/page"}],"author":[{"embeddable":true,"href":"https:\/\/transferalmeria.com\/en\/wp-json\/wp\/v2\/users\/1"}],"replies":[{"embeddable":true,"href":"https:\/\/transferalmeria.com\/en\/wp-json\/wp\/v2\/comments?post=342"}],"version-history":[{"count":3,"href":"https:\/\/transferalmeria.com\/en\/wp-json\/wp\/v2\/pages\/342\/revisions"}],"predecessor-version":[{"id":347,"href":"https:\/\/transferalmeria.com\/en\/wp-json\/wp\/v2\/pages\/342\/revisions\/347"}],"wp:attachment":[{"href":"https:\/\/transferalmeria.com\/en\/wp-json\/wp\/v2\/media?parent=342"}],"curies":[{"name":"wp","href":"https:\/\/api.w.org\/{rel}","templated":true}]}}