{"id":60,"date":"2024-03-04T13:52:19","date_gmt":"2024-03-04T13:52:19","guid":{"rendered":"http:\/\/transferalmeria.com\/?page_id=60"},"modified":"2024-03-04T13:55:37","modified_gmt":"2024-03-04T13:55:37","slug":"aviso-legal","status":"publish","type":"page","link":"https:\/\/transferalmeria.com\/en\/aviso-legal\/","title":{"rendered":"Legal Notice"},"content":{"rendered":"<p>[et_pb_section fb_built=\u00bb1&#8243; theme_builder_area=\u00bbpost_content\u00bb _builder_version=\u00bb4.24.2&#8243; _module_preset=\u00bbdefault\u00bb background_color=\u00bb#28347d\u00bb title_text=\u00bbTransfer-Almeria-reserva-aeropuerto\u00bb background_image=\u00bbhttp:\/\/transferalmeria.com\/wp-content\/uploads\/2024\/03\/Transfer-Almeria-reserva-aeropuerto.jpg\u00bb background_blend=\u00bbsoft-light\u00bb hover_enabled=\u00bb0&#8243; sticky_enabled=\u00bb0&#8243; border_width_bottom=\u00bb5px\u00bb border_color_bottom=\u00bb#E09900&#8243;][et_pb_row _builder_version=\u00bb4.24.2&#8243; _module_preset=\u00bbdefault\u00bb theme_builder_area=\u00bbpost_content\u00bb][et_pb_column _builder_version=\u00bb4.24.2&#8243; _module_preset=\u00bbdefault\u00bb type=\u00bb4_4&#8243; theme_builder_area=\u00bbpost_content\u00bb][et_pb_text _builder_version=\u00bb4.24.2&#8243; _module_preset=\u00bbdefault\u00bb theme_builder_area=\u00bbpost_content\u00bb header_font=\u00bbRajdhani|700|||||||\u00bb header_text_color=\u00bb#FFFFFF\u00bb hover_enabled=\u00bb0&#8243; sticky_enabled=\u00bb0&#8243;]<\/p>\n<h1>Aviso Legal<\/h1>\n<p>[\/et_pb_text][\/et_pb_column][\/et_pb_row][\/et_pb_section][et_pb_section fb_built=\u00bb1&#8243; theme_builder_area=\u00bbpost_content\u00bb _builder_version=\u00bb4.24.2&#8243; _module_preset=\u00bbdefault\u00bb][et_pb_row _builder_version=\u00bb4.24.2&#8243; _module_preset=\u00bbdefault\u00bb theme_builder_area=\u00bbpost_content\u00bb][et_pb_column _builder_version=\u00bb4.24.2&#8243; _module_preset=\u00bbdefault\u00bb type=\u00bb4_4&#8243; theme_builder_area=\u00bbpost_content\u00bb][et_pb_text _builder_version=\u00bb4.24.2&#8243; _module_preset=\u00bbdefault\u00bb theme_builder_area=\u00bbpost_content\u00bb text_font=\u00bbRajdhani||||||||\u00bb text_font_size=\u00bb16px\u00bb hover_enabled=\u00bb0&#8243; sticky_enabled=\u00bb0&#8243;]IDENTIFICACI\u00d3N DEL PRESTADOR DE SERVICIOS:<br \/>\nEn cumplimiento con el deber de informaci\u00f3n general que, recogido en el art\u00edculo 10 de la Ley 34\/2002, de 11 de julio, de Servicios de la Sociedad de la Informaci\u00f3n y de Comercio Electr\u00f3nico, deben ofrecer los prestadores de servicios de la sociedad de informaci\u00f3n, a continuaci\u00f3n se reflejan los siguientes datos:<\/p>\n<p>La Entidad titular del website www.transferalmeria.com es Transfer Almer\u00eda S.L. con C.I.F: B-04637294 y direcci\u00f3n en Ctra. de N\u00edjar Km.9.04130.Almer\u00eda.. Inscrita en el Registro Mercantil de Almer\u00eda, Tomo:1267 , Folio: 199, Secci\u00f3n: 8, Hoja: AL-03805.<\/p>\n<p>Delegado de Protecci\u00f3n de Datos:<br \/>\nDatasur Protecci\u00f3n de Datos S.L.<br \/>\nPaseo Jer\u00f3nimo de Rueda s\/n Edf. CIE Marcelino Camacho. 18195. C\u00fallar Vega. Granada. Tlf.- 958 958 230 \u2013 E-mail: dpd@data-sur.com<\/p>\n<p>AVISO SOBRE LA POL\u00cdTICA DE PRIVACIDAD DE LOS DATOS:<br \/>\nA efectos de lo previsto en el Reglamento Europeo 2016\/679, informamos a los usuarios que los datos personales introducidos voluntariamente ser\u00e1n guardados en el Registro de Actividades de Tratamiento: Consultas On Line y\/o Reservas On Line de la Entidad cuya finalidad es la de que Transfer Almer\u00eda S.L. pueda ofrecerles los servicios que m\u00e1s se adecuen a sus necesidades y preferencias.<\/p>\n<p>Transfer Almer\u00eda S.L. garantiza la seguridad y confidencialidad de los datos facilitados. De este modo, se compromete al cumplimiento de su obligaci\u00f3n de secreto de los datos de car\u00e1cter personal y de su deber de guardarlos y adoptar todas las medidas necesarias para evitar su alteraci\u00f3n, p\u00e9rdida, tratamiento o uso no autorizado. Por lo tanto, toda la informaci\u00f3n que nos facilite no ser\u00e1 cedida a terceros salvo que en los casos que por obligaci\u00f3n legal as\u00ed haya que hacerlo o para la correcta prestaci\u00f3n de los servicios contratados.<\/p>\n<p>Usted podr\u00e1 en todo momento ejercitar los derechos de acceso, rectificaci\u00f3n, cancelaci\u00f3n y portabilidad de sus datos, y la limitaci\u00f3n u oposici\u00f3n a su tratamiento, as\u00ed como retirar el consentimiento aceptado al tratamiento de sus datos comunic\u00e1ndolo por escrito a nuestra direcci\u00f3n de correo electr\u00f3nico info@transferalmeria.com, e incluso interponer reclamaci\u00f3n ante la Agencia Espa\u00f1ola de Protecci\u00f3n de Datos.<\/p>\n<p>VARIOS:<br \/>\nA.- Transfer Almer\u00eda S.L. utiliza cookies que se quedar\u00e1n almacenadas en el ordenador. Las cookies son peque\u00f1os archivos que nuestro ordenador env\u00eda al suyo, pero que no nos proporcionan informaci\u00f3n ni sobre su nombre, ni sobre cualquier dato de car\u00e1cter personal suyo. Cuando el usuario se encuentre navegando por las p\u00e1ginas web de Transfer Almer\u00eda S.L. el servidor donde se encuentra alojada reconoce autom\u00e1ticamente la direcci\u00f3n IP de su ordenador, el d\u00eda y la hora en la que comienza la visita, en la que abandona la visita, as\u00ed como informaci\u00f3n sobre las distintas secciones consultadas. Es necesario que el servidor conozca estos datos para poder comunicarse y enviarle la petici\u00f3n realizada y que a trav\u00e9s del navegador se pueda ver en la pantalla. No elaborando perfiles en ning\u00fan caso.<\/p>\n<p>B.- Transfer Almer\u00eda S.L. podr\u00e1 modificar, sin previo aviso, la informaci\u00f3n contenida en su sitio web, as\u00ed como su configuraci\u00f3n y presentaci\u00f3n.<\/p>\n<p>C.- Transfer Almer\u00eda S.L. no se hace responsable del incumplimiento de cualquier norma aplicable en que pueda incurrir el usuario en su acceso al sitio web y\/o en el uso de las informaciones contenidas en el mismo.[\/et_pb_text][\/et_pb_column][\/et_pb_row][\/et_pb_section]<\/p>\n","protected":false},"excerpt":{"rendered":"<p>Aviso LegalIDENTIFICACI\u00d3N DEL PRESTADOR DE SERVICIOS: En cumplimiento con el deber de informaci\u00f3n general que, recogido en el art\u00edculo 10 de la Ley 34\/2002, de 11 de julio, de Servicios de la Sociedad de la Informaci\u00f3n y de Comercio Electr\u00f3nico, deben ofrecer los prestadores de servicios de la sociedad de informaci\u00f3n, a continuaci\u00f3n se reflejan [&hellip;]<\/p>\n","protected":false},"author":2,"featured_media":0,"parent":0,"menu_order":0,"comment_status":"closed","ping_status":"closed","template":"","meta":{"_et_pb_use_builder":"on","_et_pb_old_content":"","_et_gb_content_width":"","om_disable_all_campaigns":false,"_monsterinsights_skip_tracking":false,"_monsterinsights_sitenote_active":false,"_monsterinsights_sitenote_note":"","_monsterinsights_sitenote_category":0,"_uf_show_specific_survey":0,"_uf_disable_surveys":false,"footnotes":""},"class_list":["post-60","page","type-page","status-publish","hentry"],"aioseo_notices":[],"_links":{"self":[{"href":"https:\/\/transferalmeria.com\/en\/wp-json\/wp\/v2\/pages\/60","targetHints":{"allow":["GET"]}}],"collection":[{"href":"https:\/\/transferalmeria.com\/en\/wp-json\/wp\/v2\/pages"}],"about":[{"href":"https:\/\/transferalmeria.com\/en\/wp-json\/wp\/v2\/types\/page"}],"author":[{"embeddable":true,"href":"https:\/\/transferalmeria.com\/en\/wp-json\/wp\/v2\/users\/2"}],"replies":[{"embeddable":true,"href":"https:\/\/transferalmeria.com\/en\/wp-json\/wp\/v2\/comments?post=60"}],"version-history":[{"count":4,"href":"https:\/\/transferalmeria.com\/en\/wp-json\/wp\/v2\/pages\/60\/revisions"}],"predecessor-version":[{"id":65,"href":"https:\/\/transferalmeria.com\/en\/wp-json\/wp\/v2\/pages\/60\/revisions\/65"}],"wp:attachment":[{"href":"https:\/\/transferalmeria.com\/en\/wp-json\/wp\/v2\/media?parent=60"}],"curies":[{"name":"wp","href":"https:\/\/api.w.org\/{rel}","templated":true}]}}