{"id":66,"date":"2024-03-04T13:56:23","date_gmt":"2024-03-04T13:56:23","guid":{"rendered":"http:\/\/transferalmeria.com\/?page_id=66"},"modified":"2024-03-04T13:57:15","modified_gmt":"2024-03-04T13:57:15","slug":"politica-de-privacidad","status":"publish","type":"page","link":"https:\/\/transferalmeria.com\/en\/politica-de-privacidad\/","title":{"rendered":"Pol\u00edtica De Privacidad"},"content":{"rendered":"<p>[et_pb_section fb_built=\u00bb1&#8243; _builder_version=\u00bb4.24.2&#8243; _module_preset=\u00bbdefault\u00bb background_color=\u00bb#28347d\u00bb background_image=\u00bbhttp:\/\/transferalmeria.com\/wp-content\/uploads\/2024\/03\/Transfer-Almeria-reserva-aeropuerto.jpg\u00bb background_blend=\u00bbsoft-light\u00bb border_width_bottom=\u00bb5px\u00bb border_color_bottom=\u00bb#E09900&#8243; global_colors_info=\u00bb{}\u00bb theme_builder_area=\u00bbpost_content\u00bb][et_pb_row _builder_version=\u00bb4.24.2&#8243; _module_preset=\u00bbdefault\u00bb global_colors_info=\u00bb{}\u00bb theme_builder_area=\u00bbpost_content\u00bb][et_pb_column type=\u00bb4_4&#8243; _builder_version=\u00bb4.24.2&#8243; _module_preset=\u00bbdefault\u00bb global_colors_info=\u00bb{}\u00bb theme_builder_area=\u00bbpost_content\u00bb][et_pb_text _builder_version=\u00bb4.24.2&#8243; _module_preset=\u00bbdefault\u00bb header_font=\u00bbRajdhani|700|||||||\u00bb header_text_color=\u00bb#FFFFFF\u00bb hover_enabled=\u00bb0&#8243; global_colors_info=\u00bb{}\u00bb theme_builder_area=\u00bbpost_content\u00bb sticky_enabled=\u00bb0&#8243;]<\/p>\n<h1>Pol\u00edtica De Privacidad<br \/>\n<\/h1>\n<p>[\/et_pb_text][\/et_pb_column][\/et_pb_row][\/et_pb_section][et_pb_section fb_built=\u00bb1&#8243; _builder_version=\u00bb4.24.2&#8243; _module_preset=\u00bbdefault\u00bb global_colors_info=\u00bb{}\u00bb theme_builder_area=\u00bbpost_content\u00bb][et_pb_row _builder_version=\u00bb4.24.2&#8243; _module_preset=\u00bbdefault\u00bb global_colors_info=\u00bb{}\u00bb theme_builder_area=\u00bbpost_content\u00bb][et_pb_column type=\u00bb4_4&#8243; _builder_version=\u00bb4.24.2&#8243; _module_preset=\u00bbdefault\u00bb global_colors_info=\u00bb{}\u00bb theme_builder_area=\u00bbpost_content\u00bb][et_pb_text _builder_version=\u00bb4.24.2&#8243; _module_preset=\u00bbdefault\u00bb text_font=\u00bbRajdhani||||||||\u00bb text_font_size=\u00bb16px\u00bb hover_enabled=\u00bb0&#8243; global_colors_info=\u00bb{}\u00bb theme_builder_area=\u00bbpost_content\u00bb sticky_enabled=\u00bb0&#8243;]PROTECCI\u00d3N DE DATOS<br \/>\nResponsable:<br \/>\nTransfer Almer\u00eda S.L., con NIF: B-04637294 y direcci\u00f3n postal: Ctra. de N\u00edjar Km.9.04130.Almer\u00eda. Tel\u00e9fono: 950 100250. E-mail: info@transferalmeria.com<\/p>\n<p>Delegado de Protecci\u00f3n de Datos:<br \/>\nDatasur Protecci\u00f3n de Datos S.L.<br \/>\nPaseo Jer\u00f3nimo de Rueda s\/n Edf. CIE Marcelino Camacho. 18195. C\u00fallar Vega. Granada. Tlf.- 958 958 230 \u2013 E-mail: dpd@data-sur.com<\/p>\n<p>En transferalmeria.com, tratamos la informaci\u00f3n que nos facilita con el fin de prestarles el servicio solicitado, todos los datos solicitados son estrictamente necesarios para la prestaci\u00f3n del servicio, incluyendo la existencia de posibles decisiones automatizadas, no elaborando perfiles en ning\u00fan caso. Sus datos personales van a ser almacenados en el Registro de Actividades de Tratamiento: Consultas On Line y\/o Reservas On Line. Los datos proporcionados se conservar\u00e1n mientras se mantenga la relaci\u00f3n comercial o durante los a\u00f1os necesarios para cumplir con las obligaciones legales. Los datos no se ceder\u00e1n a terceros salvo en los casos en que exista una obligaci\u00f3n legal y para la prestaci\u00f3n de los servicios ofertados, as\u00ed haya que hacerlo.<\/p>\n<p>Igualmente se informa de la posibilidad del acceso a la informaci\u00f3n propia del Usuario por parte de los distintos prestadores de servicios del Responsable, garantizando el m\u00e1ximo nivel de confidencialidad ya regulado. (La Entidad dispone de toda la informaci\u00f3n relativa a estas Empresas y\/o profesionales para que pueda ser consultada previa solicitud).<\/p>\n<p>Usted tiene derecho a obtener confirmaci\u00f3n sobre si en Transfer Almer\u00eda S.L. estamos tratando sus datos personales, por tanto tiene derecho a acceder a sus datos personales, rectificar los datos inexactos o solicitar su supresi\u00f3n cuando los datos ya no sean necesarios, as\u00ed como el derecho a la limitaci\u00f3n u oposici\u00f3n a su tratamiento, portabilidad de sus datos y retirar el consentimiento aceptado al tratamiento de sus datos e incluso interponer reclamaci\u00f3n ante la Agencia Espa\u00f1ola de Protecci\u00f3n de Datos.<\/p>\n<p>En lo referente a comunicaciones comerciales, Transfer Almer\u00eda S.L. se compromete a NO REMITIR COMUNICACIONES COMERCIALES SIN IDENTIFICARLAS COMO TALES, conforme a lo dispuesto en la Ley 34\/2002 de Servicios de la Sociedad de la Informaci\u00f3n y de Comercio Electr\u00f3nico. No ser\u00e1 considerado como comunicaci\u00f3n comercial toda la informaci\u00f3n que se env\u00ede al Usuario del portal de Transfer Almer\u00eda S.L. siempre que tenga por finalidad el mantenimiento de la relaci\u00f3n contractual existente entre usuario y Transfer Almer\u00eda S.L., as\u00ed como el desempe\u00f1o de las tareas de informaci\u00f3n, formaci\u00f3n y otras actividades propias del servicio que el usuario tiene contratado con la Entidad.<\/p>\n<p>Transfer Almer\u00eda S.L., se compromete a trav\u00e9s de este medio a NO REALIZAR PUBLICIDAD ENGA\u00d1OSA. A estos efectos, por lo tanto, no ser\u00e1n considerados como publicidad enga\u00f1osa los errores formales o num\u00e9ricos que puedan encontrarse a lo largo del contenido de las distintas secciones de la web de Transfer Almer\u00eda S.L., producidos como consecuencia de un mantenimiento y\/o actualizaci\u00f3n incompleta o defectuosa de la informaci\u00f3n contenida es estas secciones. Transfer Almer\u00eda S.L., como consecuencia de lo dispuesto en este apartado, se compromete a corregirlo tan pronto como tenga conocimiento de dichos errores.[\/et_pb_text][\/et_pb_column][\/et_pb_row][\/et_pb_section]<\/p>\n","protected":false},"excerpt":{"rendered":"<p>Pol\u00edtica De Privacidad PROTECCI\u00d3N DE DATOS Responsable: Transfer Almer\u00eda S.L., con NIF: B-04637294 y direcci\u00f3n postal: Ctra. de N\u00edjar Km.9.04130.Almer\u00eda. Tel\u00e9fono: 950 100250. E-mail: info@transferalmeria.com Delegado de Protecci\u00f3n de Datos: Datasur Protecci\u00f3n de Datos S.L. Paseo Jer\u00f3nimo de Rueda s\/n Edf. CIE Marcelino Camacho. 18195. C\u00fallar Vega. Granada. Tlf.- 958 958 230 \u2013 E-mail: dpd@data-sur.com [&hellip;]<\/p>\n","protected":false},"author":2,"featured_media":0,"parent":0,"menu_order":0,"comment_status":"closed","ping_status":"closed","template":"","meta":{"_et_pb_use_builder":"on","_et_pb_old_content":"","_et_gb_content_width":"","om_disable_all_campaigns":false,"_monsterinsights_skip_tracking":false,"_monsterinsights_sitenote_active":false,"_monsterinsights_sitenote_note":"","_monsterinsights_sitenote_category":0,"_uf_show_specific_survey":0,"_uf_disable_surveys":false,"footnotes":""},"class_list":["post-66","page","type-page","status-publish","hentry"],"aioseo_notices":[],"_links":{"self":[{"href":"https:\/\/transferalmeria.com\/en\/wp-json\/wp\/v2\/pages\/66","targetHints":{"allow":["GET"]}}],"collection":[{"href":"https:\/\/transferalmeria.com\/en\/wp-json\/wp\/v2\/pages"}],"about":[{"href":"https:\/\/transferalmeria.com\/en\/wp-json\/wp\/v2\/types\/page"}],"author":[{"embeddable":true,"href":"https:\/\/transferalmeria.com\/en\/wp-json\/wp\/v2\/users\/2"}],"replies":[{"embeddable":true,"href":"https:\/\/transferalmeria.com\/en\/wp-json\/wp\/v2\/comments?post=66"}],"version-history":[{"count":3,"href":"https:\/\/transferalmeria.com\/en\/wp-json\/wp\/v2\/pages\/66\/revisions"}],"predecessor-version":[{"id":69,"href":"https:\/\/transferalmeria.com\/en\/wp-json\/wp\/v2\/pages\/66\/revisions\/69"}],"wp:attachment":[{"href":"https:\/\/transferalmeria.com\/en\/wp-json\/wp\/v2\/media?parent=66"}],"curies":[{"name":"wp","href":"https:\/\/api.w.org\/{rel}","templated":true}]}}