{"id":70,"date":"2024-03-04T13:57:52","date_gmt":"2024-03-04T13:57:52","guid":{"rendered":"http:\/\/transferalmeria.com\/?page_id=70"},"modified":"2024-03-04T13:59:11","modified_gmt":"2024-03-04T13:59:11","slug":"condiciones-de-uso","status":"publish","type":"page","link":"https:\/\/transferalmeria.com\/en\/condiciones-de-uso\/","title":{"rendered":"Condiciones De Uso"},"content":{"rendered":"<p>[et_pb_section fb_built=\u00bb1&#8243; _builder_version=\u00bb4.24.2&#8243; _module_preset=\u00bbdefault\u00bb background_color=\u00bb#28347d\u00bb background_image=\u00bbhttp:\/\/transferalmeria.com\/wp-content\/uploads\/2024\/03\/Transfer-Almeria-reserva-aeropuerto.jpg\u00bb background_blend=\u00bbsoft-light\u00bb border_width_bottom=\u00bb5px\u00bb border_color_bottom=\u00bb#E09900&#8243; global_colors_info=\u00bb{}\u00bb theme_builder_area=\u00bbpost_content\u00bb][et_pb_row _builder_version=\u00bb4.24.2&#8243; _module_preset=\u00bbdefault\u00bb global_colors_info=\u00bb{}\u00bb theme_builder_area=\u00bbpost_content\u00bb][et_pb_column type=\u00bb4_4&#8243; _builder_version=\u00bb4.24.2&#8243; _module_preset=\u00bbdefault\u00bb global_colors_info=\u00bb{}\u00bb theme_builder_area=\u00bbpost_content\u00bb][et_pb_text _builder_version=\u00bb4.24.2&#8243; _module_preset=\u00bbdefault\u00bb header_font=\u00bbRajdhani|700|||||||\u00bb header_text_color=\u00bb#FFFFFF\u00bb hover_enabled=\u00bb0&#8243; global_colors_info=\u00bb{}\u00bb theme_builder_area=\u00bbpost_content\u00bb sticky_enabled=\u00bb0&#8243;]<\/p>\n<h1>Condiciones De Uso<br \/>\n<\/h1>\n<p>[\/et_pb_text][\/et_pb_column][\/et_pb_row][\/et_pb_section][et_pb_section fb_built=\u00bb1&#8243; _builder_version=\u00bb4.24.2&#8243; _module_preset=\u00bbdefault\u00bb global_colors_info=\u00bb{}\u00bb theme_builder_area=\u00bbpost_content\u00bb][et_pb_row _builder_version=\u00bb4.24.2&#8243; _module_preset=\u00bbdefault\u00bb global_colors_info=\u00bb{}\u00bb theme_builder_area=\u00bbpost_content\u00bb][et_pb_column type=\u00bb4_4&#8243; _builder_version=\u00bb4.24.2&#8243; _module_preset=\u00bbdefault\u00bb global_colors_info=\u00bb{}\u00bb theme_builder_area=\u00bbpost_content\u00bb][et_pb_text _builder_version=\u00bb4.24.2&#8243; _module_preset=\u00bbdefault\u00bb text_font=\u00bbRajdhani||||||||\u00bb text_font_size=\u00bb16px\u00bb hover_enabled=\u00bb0&#8243; global_colors_info=\u00bb{}\u00bb theme_builder_area=\u00bbpost_content\u00bb sticky_enabled=\u00bb0&#8243;]Las presentes, son los t\u00e9rminos y condiciones con los que usted (el Usuario) y Transfer Almer\u00eda S.L., regulan el uso y disfrute de la web de Transfer Almer\u00eda S.L. Ser usuario de la web transferalmeria.com, implica que Vd. Consiente expresamente las presentes condiciones y lo que se derive de la normativa legal aplicable en esta materia. Si Vd. no est\u00e1 de acuerdo con estas condiciones le rogamos que no contin\u00fae usando esta web.<\/p>\n<p>OBJETO DE LA WEB<br \/>\nLa web de Transfer Almer\u00eda S.L. (en adelante la web) se ha realizado con objetivo meramente informativo para sus usuarios, que disponen de informaci\u00f3n que se ofrece de forma gratuita y accesible para todo el mundo sin necesidad de abonar ning\u00fan importe en ning\u00fan momento del acceso. Es sobre este entorno especialmente, sobre el que cual Transfer Almer\u00eda S.L. desea establecer las presentes condiciones y limitaciones de uso, que se extiende y a\u00f1ade en todas las cl\u00e1usulas complementarias y no contradictorias a las que puedan cubrir otras partes de la web sujetas a t\u00e9rminos generales y\/o particulares, incluso unos \u00abT\u00e9rminos Particulares (Reservas)\u00bb en el caso de ser necesarias para servicios concretos. Estos \u00faltimos \u00abT\u00e9rminos Particulares\u00bb habr\u00e1n de ser puestas a disposici\u00f3n del Usuario\/Cliente de forma fehaciente por cualquier medio y visadas de forma espec\u00edfica por el Usuario, antes de que ambas partes las consideren aceptadas y obren en consecuencia.<\/p>\n<p>LIMITACIONES DE USO Y PROTECCI\u00d3N DE LA INFORMACI\u00d3N Y CONTENIDOS<br \/>\nEl contenido y la informaci\u00f3n a la que pueda acceder el usuario a trav\u00e9s de la web transferalmeria.com, principalmente mediante el buscador o dentro del espacio reservado para usuarios registrados, son propiedad de Transfer Almer\u00eda S.L. Se puede visualizar dicha informaci\u00f3n para usos personales, informativos y no comerciales. Pero est\u00e1 prohibido copiar, distribuir, ejecutar, reproducir, licenciar, transferir o vender cualquier tipo de informaci\u00f3n que se extraiga de la web de Transfer Almer\u00eda S.L. y en especial del buscador de usuarios.<\/p>\n<p>Transfer Almer\u00eda S.L. realiza cambios puntuales en la informaci\u00f3n, insertando marcas de agua con tecnolog\u00eda de cifrado, que no alteran el contenido ni significado de la misma en grado alguno, pero que permiten la detecci\u00f3n de comercializaciones il\u00edcitas de su base de datos y la procedencia de dichas comercializaciones, as\u00ed como la fecha e IP de extracci\u00f3n. Transfer Almer\u00eda S.L. podr\u00e1 probar la captaci\u00f3n il\u00edcita de informaci\u00f3n y, por tanto, exigir\u00e1 las penas tipificadas en el c\u00f3digo penal al respecto de la apropiaci\u00f3n indebida de bases de datos.<\/p>\n<p>DERECHOS DE AUTOR Y MARCAS<br \/>\nLa propiedad intelectual e industrial, marcas comerciales, gr\u00e1ficos, im\u00e1genes, logotipos, informaci\u00f3n e iconos visibles en el Web de Transfer Almer\u00eda S.L. son de propiedad exclusiva de Transfer Almer\u00eda S.L. o en su caso de la entidad o colectivo que ha autorizado su inclusi\u00f3n. Todo el contenido y su formato est\u00e1n protegidos por las leyes en vigor de \u00e1mbito nacional e internacional.<\/p>\n<p>El uso interesado de cualquier contenido que se encuentre en el Web de Transfer Almer\u00eda S.L. queda absolutamente prohibido, a no ser que exista concesi\u00f3n de una licencia por escrito.<\/p>\n<p>POL\u00cdTICA DE PRIVACIDAD<br \/>\nResponsable:<br \/>\nTransfer Almer\u00eda S.L., con NIF: B-04637294 y direcci\u00f3n postal: Ctra. de N\u00edjar Km.9.04130.Almer\u00eda. Tel\u00e9fono: 950 100250. E-mail: info@transferalmeria.commailto:info@transferalmeria.com<\/p>\n<p>Delegado de Protecci\u00f3n de Datos:<br \/>\nDatasur Protecci\u00f3n de Datos S.L.<br \/>\nPaseo Jer\u00f3nimo de Rueda s\/n Edf. CIE Marcelino Camacho. 18195. C\u00fallar Vega. Granada. Tlf.- 958 958 230 \u2013 E-mail: dpd@data-sur.com<\/p>\n<p>En transferalmeria.com, tratamos la informaci\u00f3n que nos facilita con el fin de prestarles el servicio solicitado e incluso realizar la facturaci\u00f3n del mismo. Todos los datos solicitados son estrictamente necesarios para la prestaci\u00f3n del servicio, incluyendo la existencia de posibles decisiones automatizadas, no elaborando perfiles en ning\u00fan caso. Sus datos personales van a ser almacenados en el Registro de Actividades de Tratamiento, Consultas On Line y\/o Reservas On Line. Los datos proporcionados se conservar\u00e1n mientras se mantenga la relaci\u00f3n comercial o durante los a\u00f1os necesarios para cumplir con las obligaciones legales. Los datos no se ceder\u00e1n a terceros salvo en los casos en que exista una obligaci\u00f3n legal y para la prestaci\u00f3n de los servicios ofertados, as\u00ed haya que hacerlo.<\/p>\n<p>Igualmente se informa de la posibilidad del acceso a la informaci\u00f3n propia del Usuario por parte de las Entidades y profesionales prestadores de servicios, garantizando el m\u00e1ximo nivel de confidencialidad ya regulado. (La Entidad dispone de toda la informaci\u00f3n relativa a estas Entidades y\/o profesionales para que pueda ser consultada previa solicitud).<\/p>\n<p>Usted tiene derecho a obtener confirmaci\u00f3n sobre si en Transfer Almer\u00eda S.L. estamos tratando sus datos personales, por tanto tiene derecho a acceder a sus datos personales, rectificar los datos inexactos o solicitar su supresi\u00f3n cuando los datos ya no sean necesarios, as\u00ed como el derecho a la limitaci\u00f3n u oposici\u00f3n a su tratamiento, portabilidad de sus datos y retirar el consentimiento aceptado al tratamiento de sus datos e incluso interponer reclamaci\u00f3n ante la Agencia Espa\u00f1ola de Protecci\u00f3n de Datos.<\/p>\n<p>RESPONSABILIDAD<br \/>\nTransfer Almer\u00eda S.L. no se hace responsable de los da\u00f1os y perjuicios que se produzcan por fallos o malas configuraciones del software instalado en el ordenador del Usuario, fallos en la transmisi\u00f3n y defectos del fabricante de software. Este web est\u00e1 preparado por defecto para ser visualizado en cualquier tipo de navegador y con cualquier sistema operativo. Transfer Almer\u00eda S.L. no responde de la falta de visualizaci\u00f3n de informaci\u00f3n relevante que pudieran producirse en otro tipo de combinaci\u00f3n posible de navegadores y\/o sistemas operativos.<\/p>\n<p>Usted es el \u00fanico responsable de lo que suceda en su propio Equipo, y deber\u00e1 tomar las medidas de seguridad adecuadas para proteger la informaci\u00f3n alojada en el mismo, para evitar p\u00e9rdidas o da\u00f1os causados por descargas desde el Web Respecto de la informaci\u00f3n a la que pueda acceder el usuario a trav\u00e9s de la web, debido a las diferentes fuentes de obtenci\u00f3n de la misma y su proceso de grabaci\u00f3n, Transfer Almer\u00eda S.L. no garantiza la correcci\u00f3n absoluta de la misma y por ello el Usuario no podr\u00e1 exigir responsabilidad alguna por da\u00f1os y perjuicios derivados de errores en la informaci\u00f3n suministrada.<\/p>\n<p>MODIFICACIONES<br \/>\nTransfer Almer\u00eda S.L. podr\u00e1 variar las presentes condiciones en cualquier momento, aunque no es intenci\u00f3n que sea frecuente, publicando en esta misma p\u00e1gina las fechas de las modificaciones y entrando en vigor de forma inmediata. Si por cambio legislativo o resoluci\u00f3n judicial deja de ser aplicable una parte de las presentes condiciones, dichas cl\u00e1usulas ser\u00e1n anuladas, pero las dem\u00e1s ser\u00e1n perfectamente v\u00e1lidas y permanecer\u00e1n en vigor. El hecho de continuar usando nuestro Web implica que Usted acepta estas condiciones y se compromete a aceptar las modificaciones realizadas en las mismas, oblig\u00e1ndose a revisar esta p\u00e1gina con frecuencia. En caso de no aceptar estas condiciones, no debe seguir visitando el Web de Transfer Almer\u00eda S.L.<\/p>\n<p>INDEPENDENCIA<br \/>\nLos contenidos de Transfer Almer\u00eda S.L. no tienen ninguna l\u00ednea pol\u00edtica ni se apoya ninguna ideolog\u00eda o grupo pol\u00edtico-social por encima de otro.[\/et_pb_text][\/et_pb_column][\/et_pb_row][\/et_pb_section]<\/p>\n","protected":false},"excerpt":{"rendered":"<p>Condiciones De Uso Las presentes, son los t\u00e9rminos y condiciones con los que usted (el Usuario) y Transfer Almer\u00eda S.L., regulan el uso y disfrute de la web de Transfer Almer\u00eda S.L. Ser usuario de la web transferalmeria.com, implica que Vd. Consiente expresamente las presentes condiciones y lo que se derive de la normativa legal [&hellip;]<\/p>\n","protected":false},"author":2,"featured_media":0,"parent":0,"menu_order":0,"comment_status":"closed","ping_status":"closed","template":"","meta":{"_et_pb_use_builder":"on","_et_pb_old_content":"","_et_gb_content_width":"","om_disable_all_campaigns":false,"_monsterinsights_skip_tracking":false,"_monsterinsights_sitenote_active":false,"_monsterinsights_sitenote_note":"","_monsterinsights_sitenote_category":0,"_uf_show_specific_survey":0,"_uf_disable_surveys":false,"footnotes":""},"class_list":["post-70","page","type-page","status-publish","hentry"],"aioseo_notices":[],"_links":{"self":[{"href":"https:\/\/transferalmeria.com\/en\/wp-json\/wp\/v2\/pages\/70","targetHints":{"allow":["GET"]}}],"collection":[{"href":"https:\/\/transferalmeria.com\/en\/wp-json\/wp\/v2\/pages"}],"about":[{"href":"https:\/\/transferalmeria.com\/en\/wp-json\/wp\/v2\/types\/page"}],"author":[{"embeddable":true,"href":"https:\/\/transferalmeria.com\/en\/wp-json\/wp\/v2\/users\/2"}],"replies":[{"embeddable":true,"href":"https:\/\/transferalmeria.com\/en\/wp-json\/wp\/v2\/comments?post=70"}],"version-history":[{"count":3,"href":"https:\/\/transferalmeria.com\/en\/wp-json\/wp\/v2\/pages\/70\/revisions"}],"predecessor-version":[{"id":74,"href":"https:\/\/transferalmeria.com\/en\/wp-json\/wp\/v2\/pages\/70\/revisions\/74"}],"wp:attachment":[{"href":"https:\/\/transferalmeria.com\/en\/wp-json\/wp\/v2\/media?parent=70"}],"curies":[{"name":"wp","href":"https:\/\/api.w.org\/{rel}","templated":true}]}}