{"id":75,"date":"2024-03-04T13:59:55","date_gmt":"2024-03-04T13:59:55","guid":{"rendered":"http:\/\/transferalmeria.com\/?page_id=75"},"modified":"2024-03-04T14:00:42","modified_gmt":"2024-03-04T14:00:42","slug":"aviso-de-cookies","status":"publish","type":"page","link":"https:\/\/transferalmeria.com\/en\/aviso-de-cookies\/","title":{"rendered":"Cookie Notice"},"content":{"rendered":"<p>[et_pb_section fb_built=\u00bb1&#8243; _builder_version=\u00bb4.24.2&#8243; _module_preset=\u00bbdefault\u00bb background_color=\u00bb#28347d\u00bb background_image=\u00bbhttp:\/\/transferalmeria.com\/wp-content\/uploads\/2024\/03\/Transfer-Almeria-reserva-aeropuerto.jpg\u00bb background_blend=\u00bbsoft-light\u00bb border_width_bottom=\u00bb5px\u00bb border_color_bottom=\u00bb#E09900&#8243; global_colors_info=\u00bb{}\u00bb theme_builder_area=\u00bbpost_content\u00bb][et_pb_row _builder_version=\u00bb4.24.2&#8243; _module_preset=\u00bbdefault\u00bb global_colors_info=\u00bb{}\u00bb theme_builder_area=\u00bbpost_content\u00bb][et_pb_column type=\u00bb4_4&#8243; _builder_version=\u00bb4.24.2&#8243; _module_preset=\u00bbdefault\u00bb global_colors_info=\u00bb{}\u00bb theme_builder_area=\u00bbpost_content\u00bb][et_pb_text _builder_version=\u00bb4.24.2&#8243; _module_preset=\u00bbdefault\u00bb header_font=\u00bbRajdhani|700|||||||\u00bb header_text_color=\u00bb#FFFFFF\u00bb hover_enabled=\u00bb0&#8243; global_colors_info=\u00bb{}\u00bb theme_builder_area=\u00bbpost_content\u00bb sticky_enabled=\u00bb0&#8243;]<\/p>\n<h1>Aviso de cookies<\/h1>\n<p>[\/et_pb_text][\/et_pb_column][\/et_pb_row][\/et_pb_section][et_pb_section fb_built=\u00bb1&#8243; _builder_version=\u00bb4.24.2&#8243; _module_preset=\u00bbdefault\u00bb global_colors_info=\u00bb{}\u00bb theme_builder_area=\u00bbpost_content\u00bb][et_pb_row _builder_version=\u00bb4.24.2&#8243; _module_preset=\u00bbdefault\u00bb global_colors_info=\u00bb{}\u00bb theme_builder_area=\u00bbpost_content\u00bb][et_pb_column type=\u00bb4_4&#8243; _builder_version=\u00bb4.24.2&#8243; _module_preset=\u00bbdefault\u00bb global_colors_info=\u00bb{}\u00bb theme_builder_area=\u00bbpost_content\u00bb][et_pb_text _builder_version=\u00bb4.24.2&#8243; _module_preset=\u00bbdefault\u00bb text_font=\u00bbRajdhani||||||||\u00bb text_font_size=\u00bb16px\u00bb hover_enabled=\u00bb0&#8243; global_colors_info=\u00bb{}\u00bb theme_builder_area=\u00bbpost_content\u00bb sticky_enabled=\u00bb0&#8243;]Aviso De Cookies<br \/>\nSe denomina cookie a un segmento de datos que son almacenados en el navegador del usuario con la finalidad de ofrecer mayor informaci\u00f3n al servidor web acerca de \u00e9ste, permitiendo as\u00ed recordar determinados par\u00e1metros e informaci\u00f3n sobre el usuario, consiguiendo una mayor personalizaci\u00f3n y an\u00e1lisis sobre el comportamiento del mismo.<\/p>\n<p>Utilizamos cookies para facilitar el uso de nuestra p\u00e1gina web. Las cookies son peque\u00f1os ficheros de informaci\u00f3n que nos permiten comparar y entender c\u00f3mo nuestros usuarios navegan a trav\u00e9s de nuestra p\u00e1gina web, y de esta manera poder mejorar consecuentemente el proceso de navegaci\u00f3n. En caso de no querer recibir cookies, por favor configure su navegador de Internet para que las borre del disco duro de su ordenador, las bloquee o le avise en caso de instalaci\u00f3n de las mismas. Para continuar sin cambios en la configuraci\u00f3n de las cookies, simplemente contin\u00fae en la p\u00e1gina web.<\/p>\n<p>Tipos de Cookies<br \/>\nExisten diferentes tipos de cookies, las cuales pueden ser clasificadas seg\u00fan su finalidad a la hora de obtener informaci\u00f3n acerca del usuario:<\/p>\n<p>\u2022 Cookies t\u00e9cnicas: Son aquellas que resultan imprescindibles para permitir al usuario la navegaci\u00f3n a trav\u00e9s de una p\u00e1gina web, como por ejemplo, las que permiten almacenar los datos de un pedido online.<br \/>\n\u2022 Cookies de personalizaci\u00f3n: Este tipo permite personalizar las funciones o contenidos del sitio web en funci\u00f3n de los datos obtenidos del navegador. Mediante estas cookies podemos presentar un sitio web en el mismo idioma del navegador usado para visitar la web.<br \/>\n\u2022 Cookies de an\u00e1lisis: Se utilizan con fines estad\u00edsticos \u00fanicamente. Un claro ejemplo podr\u00eda ser las cookies generadas por el script de seguimiento de Google Analytics.<br \/>\n\u2022 Cookies publicitarias y de publicidad comportamental: Son todas aquellas que tienen como objetivo mejorar la eficacia de los espacios publicitarios. As\u00ed, la red publicitaria de Google o los adservers incluyen este tipo de tecnolog\u00edas para dar el servicio deseado a sus clientes.<\/p>\n<p>Puede obtener m\u00e1s informaci\u00f3n sobre las cookies y su uso en www.aboutcookies.org.<\/p>\n<p>Cookies usadas en esta web<br \/>\nPHPSESSID: Finalidad: Esta cookie es usada por el lenguaje de encriptado PHP para permitir que las variables de SESI\u00d3N sean guardadas en el servidor web. Esta cookies es esencial para el funcionamiento de la web.<br \/>\nCaducidad: al finalizar la sesi\u00f3n.<\/p>\n<p>C\u00f3mo administrar las cookies en los ordenadores<br \/>\nSi quiere permitir el uso de cookies de nuestro site, por favor siga las siguientes instrucciones:<\/p>\n<p>Google Chrome<br \/>\nAl abrir el navegador, pincha \u201cherramientas\u201d en la parte superior y selecciona la pesta\u00f1a de \u201copciones\u201d.<br \/>\nDentro de opciones, pincha \u201cprivacidad\u201d.<br \/>\nMarca \u201cpermitir la administraci\u00f3n de cookies\u201d.<br \/>\nMicrosoft Internet Explorer 6.0, 7.0, 8.0, 9.0<br \/>\nAl abrir el navegador, pincha \u201cherramientas\u201d en la parte superior y selecciona la pesta\u00f1a de \u201copciones\u201d.<br \/>\nRevisa la pesta\u00f1a de \u201cPrivacidad\u201d asegur\u00e1ndote est\u00e1 configurada con un nivel de seguridad medio o inferior.<br \/>\nSi la configuraci\u00f3n de Internet no es media se estar\u00e1n bloqueando las cookies.<br \/>\nMozilla Firefox<br \/>\nAl abrir el navegador, pincha \u201cherramientas\u201d en la parte superior y selecciona la pesta\u00f1a de \u201copciones\u201d.<br \/>\nSelecciona el icono de Privacidad.<br \/>\nPincha en cookies, y marca: \u201cpermitir la instalaci\u00f3n de cookies\u201d.<br \/>\nSafari<br \/>\nAl abrir el navegador, pincha \u201cherramientas\u201d en la parte superior y selecciona la pesta\u00f1a de \u201copciones\u201d.<br \/>\nPincha en la pesta\u00f1a de \u201cSeguridad\u201d y revisa si la opci\u00f3n \u201cBloquear el acceso de cookies de terceros\u201d est\u00e1 marcada o no.<br \/>\nPincha en \u201cguardar\u201d.<br \/>\nLa instalaci\u00f3n de cookies en Mac<br \/>\nSi tienes un Mac y quieres permitir el acceso de nuestras cookies en tu ordenador, por favor sigue las siguientes instrucciones:<\/p>\n<p>Microsoft Internet Explorer 5.0 en OSX<br \/>\nEntra en \u201cExplorer\u201d y selecciona \u201cPreferencias\u201d en la barra de navegaci\u00f3n.<br \/>\nHaz scroll hacia abajo hasta que veas \u201cCookies\u201d justo debajo de archivos recibidos.<br \/>\nMarca \u201cNo volver a preguntar\u201d.<br \/>\nSafari en OSX<br \/>\nEntra en Safari y selecciona \u201cPreferencias\u201d en la barra de navegaci\u00f3n.<br \/>\nPincha en la pesta\u00f1a de \u201cSeguridad\u201d y marcae la opci\u00f3n \u201caceptar cookies\u201d.<br \/>\nSelecciona la opci\u00f3n: \u201cS\u00f3lo desde el site actual en que estoy navegando\u201d.<br \/>\nMozilla y Netscape en OSX<br \/>\nEntra en \u201cMozilla\u201d o \u201cNetscape\u201d y en la parte superior de tu navegador, marca la opci\u00f3n de \u201cPreferencias\u201d.<br \/>\nHaz scroll hacia abajo hasta que veas \u201cCookies\u201d justo debajo de \u201cPrivacidad y Seguridad\u201d.<br \/>\nMarca la opci\u00f3n \u201cPermitir el acceso de cookies s\u00f3lo desde el site actual\u201d .<br \/>\nOpera<br \/>\nEntra en \u201cOpera\u201d y selecciona \u201cMenu\u201d y \u201cAjustes\u201d en la barra de navegaci\u00f3n.<br \/>\nSelecciona \u201cPreferencias\u201d y pincha en la pesta\u00f1a de \u201cAvanzado\u201d.<br \/>\nMarca la opci\u00f3n \u201cAceptar cookies\u201d.[\/et_pb_text][\/et_pb_column][\/et_pb_row][\/et_pb_section]<\/p>\n","protected":false},"excerpt":{"rendered":"<p>Aviso de cookiesAviso De Cookies Se denomina cookie a un segmento de datos que son almacenados en el navegador del usuario con la finalidad de ofrecer mayor informaci\u00f3n al servidor web acerca de \u00e9ste, permitiendo as\u00ed recordar determinados par\u00e1metros e informaci\u00f3n sobre el usuario, consiguiendo una mayor personalizaci\u00f3n y an\u00e1lisis sobre el comportamiento del mismo. [&hellip;]<\/p>\n","protected":false},"author":2,"featured_media":0,"parent":0,"menu_order":0,"comment_status":"closed","ping_status":"closed","template":"","meta":{"_et_pb_use_builder":"on","_et_pb_old_content":"","_et_gb_content_width":"","om_disable_all_campaigns":false,"_monsterinsights_skip_tracking":false,"_monsterinsights_sitenote_active":false,"_monsterinsights_sitenote_note":"","_monsterinsights_sitenote_category":0,"_uf_show_specific_survey":0,"_uf_disable_surveys":false,"footnotes":""},"class_list":["post-75","page","type-page","status-publish","hentry"],"aioseo_notices":[],"_links":{"self":[{"href":"https:\/\/transferalmeria.com\/en\/wp-json\/wp\/v2\/pages\/75","targetHints":{"allow":["GET"]}}],"collection":[{"href":"https:\/\/transferalmeria.com\/en\/wp-json\/wp\/v2\/pages"}],"about":[{"href":"https:\/\/transferalmeria.com\/en\/wp-json\/wp\/v2\/types\/page"}],"author":[{"embeddable":true,"href":"https:\/\/transferalmeria.com\/en\/wp-json\/wp\/v2\/users\/2"}],"replies":[{"embeddable":true,"href":"https:\/\/transferalmeria.com\/en\/wp-json\/wp\/v2\/comments?post=75"}],"version-history":[{"count":3,"href":"https:\/\/transferalmeria.com\/en\/wp-json\/wp\/v2\/pages\/75\/revisions"}],"predecessor-version":[{"id":78,"href":"https:\/\/transferalmeria.com\/en\/wp-json\/wp\/v2\/pages\/75\/revisions\/78"}],"wp:attachment":[{"href":"https:\/\/transferalmeria.com\/en\/wp-json\/wp\/v2\/media?parent=75"}],"curies":[{"name":"wp","href":"https:\/\/api.w.org\/{rel}","templated":true}]}}