{"id":95,"date":"2024-03-04T14:17:13","date_gmt":"2024-03-04T14:17:13","guid":{"rendered":"http:\/\/transferalmeria.com\/?page_id=95"},"modified":"2024-05-21T14:42:24","modified_gmt":"2024-05-21T14:42:24","slug":"visitas-guiadas-y-excursiones","status":"publish","type":"page","link":"https:\/\/transferalmeria.com\/en\/visitas-guiadas-y-excursiones\/","title":{"rendered":"Guided tours and excursions"},"content":{"rendered":"<p>[et_pb_section fb_built=\u00bb1&#8243; _builder_version=\u00bb4.24.2&#8243; _module_preset=\u00bbdefault\u00bb background_color=\u00bb#28347d\u00bb background_image=\u00bbhttps:\/\/transferalmeria.com\/wp-content\/uploads\/2024\/03\/view-from-viewpoint-cerro-san-cristobal-de-la-muralla-de-jairan-alcazaba-town-almeria-andalusia-spain-costa-del-sol-mediterranean-sea-scaled.jpg\u00bb background_blend=\u00bbsoft-light\u00bb height=\u00bb350px\u00bb border_width_bottom=\u00bb5px\u00bb border_color_bottom=\u00bb#E09900&#8243; global_colors_info=\u00bb{}\u00bb][et_pb_row column_structure=\u00bb1_2,1_2&#8243; use_custom_gutter=\u00bbon\u00bb make_equal=\u00bbon\u00bb _builder_version=\u00bb4.24.2&#8243; _module_preset=\u00bbdefault\u00bb global_colors_info=\u00bb{}\u00bb][et_pb_column type=\u00bb1_2&#8243; _builder_version=\u00bb4.24.2&#8243; _module_preset=\u00bbdefault\u00bb custom_css_main_element=\u00bbmargin:auto\u00bb global_colors_info=\u00bb{}\u00bb][et_pb_text _builder_version=\u00bb4.24.2&#8243; _module_preset=\u00bbdefault\u00bb header_font=\u00bbRajdhani|700|||||||\u00bb header_text_color=\u00bb#FFFFFF\u00bb header_font_size=\u00bb35px\u00bb global_colors_info=\u00bb{}\u00bb]<\/p>\n<header class=\"entry-header\">\n<h1 class=\"entry-title\">Visitas Guiadas Y Excursiones<\/h1>\n<\/header>\n<div class=\"entry-content\"><\/div>\n<p>[\/et_pb_text][et_pb_button button_text=\u00bbReserva online\u00bb button_alignment=\u00bbleft\u00bb _builder_version=\u00bb4.24.2&#8243; _module_preset=\u00bbdefault\u00bb custom_button=\u00bbon\u00bb button_text_color=\u00bb#FFFFFF\u00bb button_bg_color=\u00bb#E09900&#8243; button_border_width=\u00bb0px\u00bb button_border_color=\u00bb#E09900&#8243; button_font=\u00bbRajdhani||||||||\u00bb button_icon=\u00bb&#xf1b9;||fa||900&#8243; global_module=\u00bb84&#8243; saved_tabs=\u00bball\u00bb global_colors_info=\u00bb{}\u00bb][\/et_pb_button][\/et_pb_column][et_pb_column type=\u00bb1_2&#8243; _builder_version=\u00bb4.24.2&#8243; _module_preset=\u00bbdefault\u00bb global_colors_info=\u00bb{}\u00bb][\/et_pb_column][\/et_pb_row][\/et_pb_section][et_pb_section fb_built=\u00bb1&#8243; _builder_version=\u00bb4.24.2&#8243; _module_preset=\u00bbdefault\u00bb custom_padding=\u00bb40px||6px|||\u00bb global_colors_info=\u00bb{}\u00bb][et_pb_row column_structure=\u00bb3_5,2_5&#8243; _builder_version=\u00bb4.24.2&#8243; _module_preset=\u00bbdefault\u00bb global_colors_info=\u00bb{}\u00bb][et_pb_column type=\u00bb3_5&#8243; _builder_version=\u00bb4.24.2&#8243; _module_preset=\u00bbdefault\u00bb global_colors_info=\u00bb{}\u00bb][et_pb_text _builder_version=\u00bb4.24.2&#8243; _module_preset=\u00bbdefault\u00bb text_font=\u00bbRajdhani||||||||\u00bb text_font_size=\u00bb18px\u00bb text_line_height=\u00bb1.4em\u00bb hover_enabled=\u00bb0&#8243; global_colors_info=\u00bb{}\u00bb text_orientation=\u00bbjustified\u00bb sticky_enabled=\u00bb0&#8243;]<\/p>\n<article id=\"post-30\" class=\"post-30 post type-post status-publish format-standard has-post-thumbnail hentry category-servicios tag-almeria tag-excursiones tag-servicios-transporte tag-visitas-guiadas\">\n<div class=\"entry-content\">\n<p><span style=\"font-weight: 400;\">Nuestras visitas guiadas y excursiones, dirigidas por conductores expertos, <\/span><b>son la opci\u00f3n perfecta para descubrir los encantos y secretos de Almer\u00eda<\/b><span style=\"font-weight: 400;\">.<\/span><\/p>\n<p><span style=\"font-weight: 400;\">En Transfer Almer\u00eda, nos enorgullece poder mostrarte los rincones m\u00e1s hermosos y desconocidos de la ciudad. <\/span><b>Desde los restaurantes locales imprescindibles hasta las joyas m\u00e1s escondidas, te ofrecemos una experiencia completa<\/b><span style=\"font-weight: 400;\">.<\/span><\/p>\n<p><b>\u00bfInteresado en la vida nocturna?<\/b><span style=\"font-weight: 400;\"> \u00a1Tambi\u00e9n te daremos los mejores consejos para disfrutarla al m\u00e1ximo! Conf\u00eda en nosotros y convierte su visita en una aventura inolvidable.<\/span><\/p>\n<\/div>\n<\/article>\n<nav class=\"navigation post-navigation clearfix\" role=\"navigation\">\n<div class=\"nav-links\"><\/div>\n<\/nav>\n<p>[\/et_pb_text][\/et_pb_column][et_pb_column type=\u00bb2_5&#8243; _builder_version=\u00bb4.24.2&#8243; _module_preset=\u00bbdefault\u00bb global_colors_info=\u00bb{}\u00bb][et_pb_image src=\u00bbhttps:\/\/transferalmeria.com\/wp-content\/uploads\/2024\/05\/categorias-visitas-1.png\u00bb _builder_version=\u00bb4.24.2&#8243; _module_preset=\u00bbdefault\u00bb title_text=\u00bbcategorias visitas\u00bb hover_enabled=\u00bb0&#8243; sticky_enabled=\u00bb0&#8243;][\/et_pb_image][\/et_pb_column][\/et_pb_row][\/et_pb_section][et_pb_section fb_built=\u00bb1&#8243; _builder_version=\u00bb4.24.2&#8243; _module_preset=\u00bbdefault\u00bb custom_padding=\u00bb40px|||||\u00bb global_colors_info=\u00bb{}\u00bb locked=\u00bboff\u00bb][et_pb_row column_structure=\u00bb1_2,1_2&#8243; _builder_version=\u00bb4.24.2&#8243; _module_preset=\u00bbdefault\u00bb background_color=\u00bbrgba(12,113,195,0.09)\u00bb custom_padding=\u00bb30px|30px|30px|30px|true|true\u00bb global_colors_info=\u00bb{}\u00bb][et_pb_column type=\u00bb1_2&#8243; _builder_version=\u00bb4.24.2&#8243; _module_preset=\u00bbdefault\u00bb global_colors_info=\u00bb{}\u00bb][et_pb_text _builder_version=\u00bb4.24.2&#8243; _module_preset=\u00bbdefault\u00bb text_font=\u00bbRajdhani||||||||\u00bb header_3_font=\u00bb|700|||||||\u00bb header_3_text_color=\u00bb#0C71C3&#8243; header_3_font_size=\u00bb25px\u00bb custom_margin=\u00bb||11px|||\u00bb locked=\u00bboff\u00bb global_colors_info=\u00bb{}\u00bb]<\/p>\n<h3>Parque Natural del Cabo de Gata<\/h3>\n<p>[\/et_pb_text][et_pb_text _builder_version=\u00bb4.24.2&#8243; _module_preset=\u00bbdefault\u00bb text_font=\u00bbRajdhani||||||||\u00bb text_font_size=\u00bb18px\u00bb text_line_height=\u00bb1.4em\u00bb global_colors_info=\u00bb{}\u00bb]El lugar natural m\u00e1s emblem\u00e1tico que ver en Almer\u00eda es el Cabo de Gata.<\/p>\n<p>Uno de los escasos ejemplos de geo parque volc\u00e1nico del Mediterr\u00e1neo atrae por igual a turistas, cient\u00edficos\u2026 Y cineastas. Aqu\u00ed se grabaron muchas escenas de los m\u00edticos spaguetti westerns almerienses y tambi\u00e9n escenas de pel\u00edculas tan m\u00edticas como Lawrence de Arabia, Indiana Jones y Exodus.<\/p>\n<p>Sus paisajes parecen de otro planeta. Sus playas, de ensue\u00f1o. Laderas de peque\u00f1as colinas pobladas solo por arbustos, que en su otra cara se precipitan al mar, formando acantilados y calas imposibles y pr\u00e1cticamente inaccesibles.<\/p>\n<p>Un lugar precioso que debemos cuidar entre todos.[\/et_pb_text][\/et_pb_column][et_pb_column type=\u00bb1_2&#8243; _builder_version=\u00bb4.24.2&#8243; _module_preset=\u00bbdefault\u00bb global_colors_info=\u00bb{}\u00bb][et_pb_image src=\u00bbhttps:\/\/transferalmeria.com\/wp-content\/uploads\/2024\/03\/parque-nacional.webp\u00bb title_text=\u00bbparque nacional\u00bb _builder_version=\u00bb4.24.2&#8243; _module_preset=\u00bbdefault\u00bb global_colors_info=\u00bb{}\u00bb][\/et_pb_image][\/et_pb_column][\/et_pb_row][et_pb_row column_structure=\u00bb1_2,1_2&#8243; _builder_version=\u00bb4.24.2&#8243; _module_preset=\u00bbdefault\u00bb background_color=\u00bbrgba(12,113,195,0.09)\u00bb custom_padding=\u00bb30px|30px|30px|30px|true|true\u00bb global_colors_info=\u00bb{}\u00bb][et_pb_column type=\u00bb1_2&#8243; _builder_version=\u00bb4.24.2&#8243; _module_preset=\u00bbdefault\u00bb global_colors_info=\u00bb{}\u00bb][et_pb_text _builder_version=\u00bb4.24.2&#8243; _module_preset=\u00bbdefault\u00bb text_font=\u00bbRajdhani||||||||\u00bb header_3_font=\u00bb|700|||||||\u00bb header_3_text_color=\u00bb#0C71C3&#8243; header_3_font_size=\u00bb25px\u00bb custom_margin=\u00bb||10px|||\u00bb locked=\u00bboff\u00bb global_colors_info=\u00bb{}\u00bb]<\/p>\n<h3>Oasys MiniHollywood<\/h3>\n<p>[\/et_pb_text][et_pb_text _builder_version=\u00bb4.24.2&#8243; _module_preset=\u00bbdefault\u00bb text_font=\u00bbRajdhani||||||||\u00bb text_font_size=\u00bb18px\u00bb text_line_height=\u00bb1.4em\u00bb global_colors_info=\u00bb{}\u00bb]<\/p>\n<p>Cuando el gran director de cine italiano, Sergio Leone, lleg\u00f3 al desierto de Tabernas en los 60, vio el salvaje oeste que llevaba tanto tiempo buscando en Europa.<\/p>\n<p>All\u00ed mand\u00f3 construir decorados y comenz\u00f3 a filmar los famosos spaguetti westerns. En ellos, Clint Eastwood y el m\u00edtico Lee Van Cleef dirimieron sus diferencias a tiros en m\u00e1s de una ocasi\u00f3n.<\/p>\n<p>En Oasys MiniHollywood puedes disfrutar espect\u00e1culos en vivo como un show del oeste o el baile del canc\u00e1n, una gran reserva zool\u00f3gica con m\u00e1s de 800 animales de 200 especies distintas o zona de piscinas. Tambi\u00e9n el t\u00edpico saloon y las callejuelas de arena de un poblado lleno de forajidos. Uno de los mejores planes que hacer en Almer\u00eda si viajas en familia.<\/p>\n<p>[\/et_pb_text][\/et_pb_column][et_pb_column type=\u00bb1_2&#8243; _builder_version=\u00bb4.24.2&#8243; _module_preset=\u00bbdefault\u00bb global_colors_info=\u00bb{}\u00bb][et_pb_image src=\u00bbhttps:\/\/transferalmeria.com\/wp-content\/uploads\/2024\/03\/Western-Almeria-Desierto-Tabernas.webp\u00bb title_text=\u00bbWestern-Almeria-Desierto-Tabernas\u00bb _builder_version=\u00bb4.24.2&#8243; _module_preset=\u00bbdefault\u00bb global_colors_info=\u00bb{}\u00bb][\/et_pb_image][\/et_pb_column][\/et_pb_row][et_pb_row column_structure=\u00bb1_2,1_2&#8243; _builder_version=\u00bb4.24.2&#8243; _module_preset=\u00bbdefault\u00bb background_color=\u00bbrgba(12,113,195,0.09)\u00bb custom_padding=\u00bb30px|30px|30px|30px|true|true\u00bb global_colors_info=\u00bb{}\u00bb][et_pb_column type=\u00bb1_2&#8243; _builder_version=\u00bb4.24.2&#8243; _module_preset=\u00bbdefault\u00bb global_colors_info=\u00bb{}\u00bb][et_pb_text _builder_version=\u00bb4.24.2&#8243; _module_preset=\u00bbdefault\u00bb text_font=\u00bbRajdhani||||||||\u00bb header_3_font=\u00bb|700|||||||\u00bb header_3_text_color=\u00bb#0C71C3&#8243; header_3_font_size=\u00bb25px\u00bb custom_margin=\u00bb||6px|||\u00bb locked=\u00bboff\u00bb global_colors_info=\u00bb{}\u00bb]<\/p>\n<h3>Desierto de Tabernas<\/h3>\n<p>[\/et_pb_text][et_pb_text _builder_version=\u00bb4.24.2&#8243; _module_preset=\u00bbdefault\u00bb text_font=\u00bbRajdhani||||||||\u00bb text_font_size=\u00bb18px\u00bb text_line_height=\u00bb1.4em\u00bb global_colors_info=\u00bb{}\u00bb]A tan s\u00f3lo 30 km al norte de la capital, se halla un paisaje \u00fanico que ver en Almer\u00eda. Puedes sentirte en absoluta soledad mientras recorres el desierto de Tabernas.<\/p>\n<p>Kil\u00f3metros infinitos de una aridez que esconde una belleza en forma de paisajes dram\u00e1ticos y una flora y fauna peculiar. El majestuoso b\u00faho real se alimenta aqu\u00ed de peque\u00f1os mam\u00edferos. El abejaruco busca sus presas entre las abejas que polinizan la gran variedad de flores que existen en Tabernas.<\/p>\n<p>Las noches estrelladas aqu\u00ed son incre\u00edbles. Como an\u00e9cdota, en el desierto de Tabernas se rodaron escenas de Juego de Tronos.[\/et_pb_text][\/et_pb_column][et_pb_column type=\u00bb1_2&#8243; _builder_version=\u00bb4.24.2&#8243; _module_preset=\u00bbdefault\u00bb global_colors_info=\u00bb{}\u00bb][et_pb_image src=\u00bbhttps:\/\/transferalmeria.com\/wp-content\/uploads\/2024\/03\/spain-almeria-tabernas-desert-480678318.webp\u00bb title_text=\u00bbspain-almeria-tabernas-desert-480678318&#8243; _builder_version=\u00bb4.24.2&#8243; _module_preset=\u00bbdefault\u00bb global_colors_info=\u00bb{}\u00bb][\/et_pb_image][\/et_pb_column][\/et_pb_row][et_pb_row column_structure=\u00bb1_2,1_2&#8243; _builder_version=\u00bb4.24.2&#8243; _module_preset=\u00bbdefault\u00bb background_color=\u00bbrgba(12,113,195,0.09)\u00bb custom_padding=\u00bb30px|30px|30px|30px|true|true\u00bb global_colors_info=\u00bb{}\u00bb][et_pb_column type=\u00bb1_2&#8243; _builder_version=\u00bb4.24.2&#8243; _module_preset=\u00bbdefault\u00bb global_colors_info=\u00bb{}\u00bb][et_pb_text _builder_version=\u00bb4.24.2&#8243; _module_preset=\u00bbdefault\u00bb text_font=\u00bbRajdhani||||||||\u00bb header_3_font=\u00bb|700|||||||\u00bb header_3_text_color=\u00bb#0C71C3&#8243; header_3_font_size=\u00bb25px\u00bb custom_margin=\u00bb||12px|||\u00bb locked=\u00bboff\u00bb global_colors_info=\u00bb{}\u00bb]<\/p>\n<h3>Sierra Nevada<\/h3>\n<p>[\/et_pb_text][et_pb_text _builder_version=\u00bb4.24.2&#8243; _module_preset=\u00bbdefault\u00bb text_font=\u00bbRajdhani||||||||\u00bb text_font_size=\u00bb18px\u00bb text_line_height=\u00bb1.4em\u00bb global_colors_info=\u00bb{}\u00bb]Este impresionante macizo monta\u00f1oso es, tras los Alpes, el de mayor altitud de toda Europa occidental. Pertenece al conjunto de las B\u00e9ticas y, a apenas se conoce, no solo discurre por la provincia de Granada. Su parte oriental es almeriense.<\/p>\n<p>El ecosistema de Sierra Nevada presenta unos endemismos impropios de la zona mediterr\u00e1nea. Si te gusta el senderismo, una de las cosas que hacer en Almer\u00eda es realizar algunas rutas. En ellas te puedes encontrar con azores, gatos monteses, zorros, comadrejas, erizos, ginetas y mucho m\u00e1s.[\/et_pb_text][\/et_pb_column][et_pb_column type=\u00bb1_2&#8243; _builder_version=\u00bb4.24.2&#8243; _module_preset=\u00bbdefault\u00bb global_colors_info=\u00bb{}\u00bb][et_pb_image src=\u00bbhttps:\/\/transferalmeria.com\/wp-content\/uploads\/2024\/03\/GettyImages-134956625_doc.webp\u00bb title_text=\u00bbGettyImages-134956625_doc\u00bb _builder_version=\u00bb4.24.2&#8243; _module_preset=\u00bbdefault\u00bb global_colors_info=\u00bb{}\u00bb][\/et_pb_image][\/et_pb_column][\/et_pb_row][et_pb_row column_structure=\u00bb1_2,1_2&#8243; _builder_version=\u00bb4.24.2&#8243; _module_preset=\u00bbdefault\u00bb background_color=\u00bbrgba(12,113,195,0.09)\u00bb custom_padding=\u00bb30px|30px|30px|30px|true|true\u00bb global_colors_info=\u00bb{}\u00bb][et_pb_column type=\u00bb1_2&#8243; _builder_version=\u00bb4.24.2&#8243; _module_preset=\u00bbdefault\u00bb global_colors_info=\u00bb{}\u00bb][et_pb_text _builder_version=\u00bb4.24.2&#8243; _module_preset=\u00bbdefault\u00bb text_font=\u00bbRajdhani||||||||\u00bb header_3_font=\u00bb|700|||||||\u00bb header_3_text_color=\u00bb#0C71C3&#8243; header_3_font_size=\u00bb25px\u00bb custom_margin=\u00bb||7px|||\u00bb locked=\u00bboff\u00bb global_colors_info=\u00bb{}\u00bb]<\/p>\n<h3>Alcazaba de Almer\u00eda<\/h3>\n<p>[\/et_pb_text][et_pb_text _builder_version=\u00bb4.24.2&#8243; _module_preset=\u00bbdefault\u00bb text_font=\u00bbRajdhani||||||||\u00bb text_font_size=\u00bb18px\u00bb text_line_height=\u00bb1.4em\u00bb global_colors_info=\u00bb{}\u00bb]M\u00e1s de mil a\u00f1os de historia se abaten sobre la alcazaba y murallas \u00e1rabes que dominan la ciudad de Almer\u00eda. Y lo hacen desde las alturas del cerro de San Crist\u00f3bal.<\/p>\n<p>Bien de Inter\u00e9s Cultural, se trata de la construcci\u00f3n de origen \u00e1rabe m\u00e1s extensa de Espa\u00f1a. Tambi\u00e9n, por supuesto, uno de los lugares hist\u00f3ricos m\u00e1s bellos que visitar en Almer\u00eda.<\/p>\n<p>La fortaleza consta de muros de tres metros de espesor y unos cinco de altura, formando un recinto cerrado. Pasea por sus murallas y conoce las torres del Homenaje y la P\u00f3lvora. Imagina el pasado \u00e1rabe de Almer\u00eda. Otra de esas cosas que hacer en Almer\u00eda que no te puedes perder.[\/et_pb_text][\/et_pb_column][et_pb_column type=\u00bb1_2&#8243; _builder_version=\u00bb4.24.2&#8243; _module_preset=\u00bbdefault\u00bb global_colors_info=\u00bb{}\u00bb][et_pb_image src=\u00bbhttps:\/\/transferalmeria.com\/wp-content\/uploads\/2024\/03\/spain-almeria-alcazaba-castle-95348895.webp\u00bb title_text=\u00bbspain-almeria-alcazaba-castle-95348895&#8243; _builder_version=\u00bb4.24.2&#8243; _module_preset=\u00bbdefault\u00bb global_colors_info=\u00bb{}\u00bb][\/et_pb_image][\/et_pb_column][\/et_pb_row][\/et_pb_section]<\/p>\n","protected":false},"excerpt":{"rendered":"<p>Visitas Guiadas Y Excursiones Nuestras visitas guiadas y excursiones, dirigidas por conductores expertos, son la opci\u00f3n perfecta para descubrir los encantos y secretos de Almer\u00eda. En Transfer Almer\u00eda, nos enorgullece poder mostrarte los rincones m\u00e1s hermosos y desconocidos de la ciudad. Desde los restaurantes locales imprescindibles hasta las joyas m\u00e1s escondidas, te ofrecemos una experiencia [&hellip;]<\/p>\n","protected":false},"author":2,"featured_media":0,"parent":0,"menu_order":0,"comment_status":"closed","ping_status":"closed","template":"","meta":{"_et_pb_use_builder":"on","_et_pb_old_content":"","_et_gb_content_width":"","om_disable_all_campaigns":false,"_monsterinsights_skip_tracking":false,"_monsterinsights_sitenote_active":false,"_monsterinsights_sitenote_note":"","_monsterinsights_sitenote_category":0,"_uf_show_specific_survey":0,"_uf_disable_surveys":false,"footnotes":""},"class_list":["post-95","page","type-page","status-publish","hentry"],"aioseo_notices":[],"_links":{"self":[{"href":"https:\/\/transferalmeria.com\/en\/wp-json\/wp\/v2\/pages\/95","targetHints":{"allow":["GET"]}}],"collection":[{"href":"https:\/\/transferalmeria.com\/en\/wp-json\/wp\/v2\/pages"}],"about":[{"href":"https:\/\/transferalmeria.com\/en\/wp-json\/wp\/v2\/types\/page"}],"author":[{"embeddable":true,"href":"https:\/\/transferalmeria.com\/en\/wp-json\/wp\/v2\/users\/2"}],"replies":[{"embeddable":true,"href":"https:\/\/transferalmeria.com\/en\/wp-json\/wp\/v2\/comments?post=95"}],"version-history":[{"count":9,"href":"https:\/\/transferalmeria.com\/en\/wp-json\/wp\/v2\/pages\/95\/revisions"}],"predecessor-version":[{"id":368,"href":"https:\/\/transferalmeria.com\/en\/wp-json\/wp\/v2\/pages\/95\/revisions\/368"}],"wp:attachment":[{"href":"https:\/\/transferalmeria.com\/en\/wp-json\/wp\/v2\/media?parent=95"}],"curies":[{"name":"wp","href":"https:\/\/api.w.org\/{rel}","templated":true}]}}